{"id":13,"date":"2025-08-15T14:46:52","date_gmt":"2025-08-15T14:46:52","guid":{"rendered":"https:\/\/navajowhite-ibis-676531.hostingersite.com\/?page_id=13"},"modified":"2025-09-22T20:47:00","modified_gmt":"2025-09-22T20:47:00","slug":"envio-e-devolucoes","status":"publish","type":"page","link":"https:\/\/snapoutofmeat.com\/en\/envio-e-devolucoes\/","title":{"rendered":"Shipping and Returns"},"content":{"rendered":"<p class=\"has-dark-color has-text-color has-link-color wp-elements-46f288ee4e9b26705f03409110365685\"><strong>SHIPPING<\/strong><br><br>We currently only deliver to mainland Portugal, but we expect to expand our coverage soon.<br><br>All orders are shipped via CTT (National postal service company of Portugal).<br><br>Orders are dispatched within 48 hours of confirmation.<\/p>\n\n\n\n<p class=\"has-dark-color has-text-color has-link-color wp-elements-f0192464c8e6afe21a3d955143cb9db2\"><strong>NOTE<\/strong>: While we cannot be held responsible for any delivery delays, we are committed to making sure your order reaches you as quickly as possible.<\/p>\n\n\n\n<p><strong>RETURNS<\/strong><br><br>For hygiene and safety reasons, we do not accept returns on food products.<\/p>","protected":false},"excerpt":{"rendered":"<p>ENVIO Atualmente, s\u00f3 fazemos entregas para Portugal continental. Esperamos poder atender todo o territ\u00f3rio brevemente. Todos os envios s\u00e3o feitos via CTT. As encomendas s\u00e3o expedidas em at\u00e9 48h da data da confirma\u00e7\u00e3o. NOTA: Embora n\u00e3o assumamos responsabilidade por eventuais atrasos nas entregas, estamos empenhados em agilizar ao m\u00e1ximo o processo para que receba seus [&hellip;]<\/p>\n","protected":false},"author":1,"featured_media":0,"parent":0,"menu_order":0,"comment_status":"closed","ping_status":"closed","template":"","meta":{"footnotes":""},"class_list":["post-13","page","type-page","status-publish","hentry"],"jetpack_sharing_enabled":true,"_links":{"self":[{"href":"https:\/\/snapoutofmeat.com\/en\/wp-json\/wp\/v2\/pages\/13","targetHints":{"allow":["GET"]}}],"collection":[{"href":"https:\/\/snapoutofmeat.com\/en\/wp-json\/wp\/v2\/pages"}],"about":[{"href":"https:\/\/snapoutofmeat.com\/en\/wp-json\/wp\/v2\/types\/page"}],"author":[{"embeddable":true,"href":"https:\/\/snapoutofmeat.com\/en\/wp-json\/wp\/v2\/users\/1"}],"replies":[{"embeddable":true,"href":"https:\/\/snapoutofmeat.com\/en\/wp-json\/wp\/v2\/comments?post=13"}],"version-history":[{"count":4,"href":"https:\/\/snapoutofmeat.com\/en\/wp-json\/wp\/v2\/pages\/13\/revisions"}],"predecessor-version":[{"id":452,"href":"https:\/\/snapoutofmeat.com\/en\/wp-json\/wp\/v2\/pages\/13\/revisions\/452"}],"wp:attachment":[{"href":"https:\/\/snapoutofmeat.com\/en\/wp-json\/wp\/v2\/media?parent=13"}],"curies":[{"name":"wp","href":"https:\/\/api.w.org\/{rel}","templated":true}]}}