{"id":3,"date":"2025-07-04T10:19:01","date_gmt":"2025-07-04T10:19:01","guid":{"rendered":"http:\/\/snapoutofmeat.com\/?page_id=3"},"modified":"2025-09-22T20:40:30","modified_gmt":"2025-09-22T20:40:30","slug":"politica-de-privacidade","status":"publish","type":"page","link":"https:\/\/snapoutofmeat.com\/en\/politica-de-privacidade\/","title":{"rendered":"Privacy Policy"},"content":{"rendered":"<p class=\"has-dark-color has-text-color has-link-color wp-elements-490ebac75e9f9e5bb8b52ee166158acf\">1. Data Controller<\/p>\n\n\n\n<p class=\"has-dark-color has-text-color has-link-color wp-elements-0cad47b5ef05ec8398499a75e432541b\">The entity responsible for the processing of personal data is <strong>ScriptedSolutions Unipessoal LDA<\/strong>headquartered at Rua Dr. \u00c2ngelo Ferrari, 9 \u2013 2ESQ, Leiria \u2013 Portugal. Contact: hello@snapoutofmeat.com.<\/p>\n\n\n\n<p class=\"has-dark-color has-text-color has-link-color wp-elements-172571f67fe48208db29583ad5fbf11c\">2. Data Collected<\/p>\n\n\n\n<p class=\"has-dark-color has-text-color has-link-color wp-elements-5bc76f231f58073bedd31ef9cec6f478\">We collect the following personal data: Name and email (for contact and newsletter delivery); Address and VAT number (for invoicing and order delivery); Payment details (processed by external service providers such as Stripe).<\/p>\n\n\n\n<p class=\"has-dark-color has-text-color has-link-color wp-elements-9f35b3aebc026332770b80900f5e2662\">3. Purpose of Processing<\/p>\n\n\n\n<p class=\"has-dark-color has-text-color has-link-color wp-elements-1034c52c2c662f61b6fc941fbb074f12\">We use your data for the following purposes: Order processing; Customer communication; Sending marketing campaigns (if consent is given); Compliance with legal and tax obligations.<\/p>\n\n\n\n<p class=\"has-dark-color has-text-color has-link-color wp-elements-65b0be383c4dc536d8c82ca1a642f3fc\">4. Legal Basis<\/p>\n\n\n\n<p class=\"has-dark-color has-text-color has-link-color wp-elements-099327257e112e0b0a3be0f8b7e2ee46\">The processing of your data is based on: The performance of a contract (purchase); Your consent (newsletter subscription); Compliance with legal obligations (invoicing and accounting).<\/p>\n\n\n\n<p class=\"has-dark-color has-text-color has-link-color wp-elements-2a5702745b3f5f6be81b87af7c54d7dc\">5. Data Sharing<\/p>\n\n\n\n<p class=\"has-dark-color has-text-color has-link-color wp-elements-4974e1f01dad55cc947a2ddc96622959\">Data may be shared with service providers (e.g., couriers, payment services, and accounting), always ensuring appropriate protection of personal data.<\/p>\n\n\n\n<p class=\"has-dark-color has-text-color has-link-color wp-elements-787381e9af7ce537dda1f630e22d2a8a\">6. Data Subject Rights<\/p>\n\n\n\n<p class=\"has-dark-color has-text-color has-link-color wp-elements-92238888b75cad01718e4ca8f2dc1cd4\">At any time, users may: Access, correct, or delete their data; Request data portability; Withdraw consent for marketing communications; Lodge a complaint with the CNPD (Portuguese Data Protection Authority).<\/p>\n\n\n\n<p class=\"has-dark-color has-text-color has-link-color wp-elements-7c95243811c2bf34c487b148e1f8c253\">7. Cookies<\/p>\n\n\n\n<p class=\"has-dark-color has-text-color has-link-color wp-elements-887fea8dfa2c63e9794127d445823e24\">We use cookies to improve user experience and for analytical purposes. By browsing our website, you consent to the use of cookies. You may manage preferences through your browser settings or via the consent banner.<\/p>\n\n\n\n<p class=\"has-dark-color has-text-color has-link-color wp-elements-b06107fb75fcef633627b26692e0f0ea\">8. Security<\/p>\n\n\n\n<p class=\"has-dark-color has-text-color has-link-color wp-elements-a2d258efcb13b56ef0d51ce32fbbec94\">We implement appropriate technical and organisational measures to protect personal data against loss, misuse, or unauthorised access.<\/p>\n\n\n\n<p class=\"has-dark-color has-text-color has-link-color wp-elements-99ee84ce70be985382e56e5de3534829\">9. Changes<\/p>\n\n\n\n<p class=\"has-dark-color has-text-color has-link-color wp-elements-0b989394e4c27cd0431f5caab40fedb9\">We reserve the right to update this Policy at any time. Changes will be communicated on the website.<\/p>\n\n\n\n<p class=\"has-dark-color has-text-color has-link-color wp-elements-a5489328ab903f7150c8362d234001c2\">If you have any questions regarding this document, please contact us at: <strong><a href=\"mailto:hello@snapoutofmeat.com\"><code>hello@snapoutofmeat.com<\/code><\/a><\/strong>.<\/p>","protected":false},"excerpt":{"rendered":"<p>1. Respons\u00e1vel pelo Tratamento A entidade respons\u00e1vel pelo tratamento dos dados pessoais \u00e9 a ScriptedSolutions Unipessoal LDA, com sede em Rua Dr. \u00c2ngelo Ferrari, 9 &#8211; 2ESQ, Leiria &#8211; Portugal. Contacto: hello@snapoutofmeat.com. 2. Dados Recolhidos Recolhemos os seguintes dados pessoais: &#8211; Nome e email (para contacto e envio de newsletters) &#8211; Morada e NIF (para [&hellip;]<\/p>\n","protected":false},"author":1,"featured_media":0,"parent":0,"menu_order":0,"comment_status":"closed","ping_status":"open","template":"","meta":{"footnotes":""},"class_list":["post-3","page","type-page","status-publish","hentry"],"jetpack_sharing_enabled":true,"_links":{"self":[{"href":"https:\/\/snapoutofmeat.com\/en\/wp-json\/wp\/v2\/pages\/3","targetHints":{"allow":["GET"]}}],"collection":[{"href":"https:\/\/snapoutofmeat.com\/en\/wp-json\/wp\/v2\/pages"}],"about":[{"href":"https:\/\/snapoutofmeat.com\/en\/wp-json\/wp\/v2\/types\/page"}],"author":[{"embeddable":true,"href":"https:\/\/snapoutofmeat.com\/en\/wp-json\/wp\/v2\/users\/1"}],"replies":[{"embeddable":true,"href":"https:\/\/snapoutofmeat.com\/en\/wp-json\/wp\/v2\/comments?post=3"}],"version-history":[{"count":4,"href":"https:\/\/snapoutofmeat.com\/en\/wp-json\/wp\/v2\/pages\/3\/revisions"}],"predecessor-version":[{"id":449,"href":"https:\/\/snapoutofmeat.com\/en\/wp-json\/wp\/v2\/pages\/3\/revisions\/449"}],"wp:attachment":[{"href":"https:\/\/snapoutofmeat.com\/en\/wp-json\/wp\/v2\/media?parent=3"}],"curies":[{"name":"wp","href":"https:\/\/api.w.org\/{rel}","templated":true}]}}