{"id":289,"date":"2025-08-30T09:30:38","date_gmt":"2025-08-30T09:30:38","guid":{"rendered":"https:\/\/navajowhite-ibis-676531.hostingersite.com\/?post_type=product&#038;p=289"},"modified":"2026-04-13T19:26:21","modified_gmt":"2026-04-13T19:26:21","slug":"cookies-lady-joseph-coracao-de-chocolate","status":"publish","type":"product","link":"https:\/\/snapoutofmeat.com\/en\/product\/cookies-lady-joseph-coracao-de-chocolate\/","title":{"rendered":"Heart-shaped Chocolate Cookies - Lady Joseph"},"content":{"rendered":"<p class=\"p1\">Heart-shaped cocoa cookies. Natural, artisanal, with no additives or colourings, palm oil-free. Ideal for Valentine's Day, Mother's Day or for giving love on any occasion. Vegan, artisanal and natural.<\/p>\n<p class=\"p1\">Perfect gift to celebrate love. Delicate limited edition of love cookies in heart shape.<\/p>\n<p class=\"p1\">Lady Joseph is a brand of artisanal biscuits and cookies of Spanish origin with French inspiration.<\/p>","protected":false},"excerpt":{"rendered":"<p>Biscoitos de cacau em forma de cora\u00e7\u00e3o Lady Joseph. Edi\u00e7\u00e3o limitada (por\u00e9m saborosa) (100g).<\/p>","protected":false},"featured_media":291,"comment_status":"open","ping_status":"closed","template":"","meta":[],"product_brand":[67],"product_cat":[30,27],"product_tag":[62,65,53,51,47,43,42],"class_list":{"0":"post-289","1":"product","2":"type-product","3":"status-publish","4":"has-post-thumbnail","6":"product_brand-lady-joseph","7":"product_cat-biscoitos-doces","8":"product_cat-doces","9":"product_tag-biscuits","10":"product_tag-cocoa","11":"product_tag-chocolate","12":"product_tag-sweet","13":"product_tag-spain","14":"product_tag-gift","15":"product_tag-snack","17":"first","18":"instock","19":"purchasable","20":"product-type-simple"},"jetpack_sharing_enabled":true,"_links":{"self":[{"href":"https:\/\/snapoutofmeat.com\/en\/wp-json\/wp\/v2\/product\/289","targetHints":{"allow":["GET"]}}],"collection":[{"href":"https:\/\/snapoutofmeat.com\/en\/wp-json\/wp\/v2\/product"}],"about":[{"href":"https:\/\/snapoutofmeat.com\/en\/wp-json\/wp\/v2\/types\/product"}],"replies":[{"embeddable":true,"href":"https:\/\/snapoutofmeat.com\/en\/wp-json\/wp\/v2\/comments?post=289"}],"wp:featuredmedia":[{"embeddable":true,"href":"https:\/\/snapoutofmeat.com\/en\/wp-json\/wp\/v2\/media\/291"}],"wp:attachment":[{"href":"https:\/\/snapoutofmeat.com\/en\/wp-json\/wp\/v2\/media?parent=289"}],"wp:term":[{"taxonomy":"product_brand","embeddable":true,"href":"https:\/\/snapoutofmeat.com\/en\/wp-json\/wp\/v2\/product_brand?post=289"},{"taxonomy":"product_cat","embeddable":true,"href":"https:\/\/snapoutofmeat.com\/en\/wp-json\/wp\/v2\/product_cat?post=289"},{"taxonomy":"product_tag","embeddable":true,"href":"https:\/\/snapoutofmeat.com\/en\/wp-json\/wp\/v2\/product_tag?post=289"}],"curies":[{"name":"wp","href":"https:\/\/api.w.org\/{rel}","templated":true}]}}