{"id":765,"date":"2026-01-13T09:06:39","date_gmt":"2026-01-13T09:06:39","guid":{"rendered":"https:\/\/snapoutofmeat.com\/?post_type=product&#038;p=765"},"modified":"2026-04-01T11:39:41","modified_gmt":"2026-04-01T11:39:41","slug":"hemp-seed-butter-hempions","status":"publish","type":"product","link":"https:\/\/snapoutofmeat.com\/en\/product\/hemp-seed-butter-hempions\/","title":{"rendered":"Roasted Hemp Butter \u2013 Hempions"},"content":{"rendered":"<p><strong>Manteiga de C\u00e2nhamo Torrada \u2013 Cremosa e Nutritiva<\/strong><\/p>\n<p>A <strong>manteiga de c\u00e2nhamo torrada<\/strong> \u00e9 feita a partir de <span class=\"followup-block followup-block-hidden cursor-pointer outline-none static inline group-hover\/message:[--hover-opacity:1]\" tabindex=\"0\" data-question=\"Por que as sementes de c\u00e2nhamo s\u00e3o descascadas antes de serem torradas para fazer a manteiga?\" aria-haspopup=\"dialog\" aria-expanded=\"false\" aria-controls=\"radix-_r_dq_\" data-state=\"closed\">sementes de c\u00e2nhamo descascadas e torradas<\/span>, refinadas com uma pitada de sal para real\u00e7ar o sabor aveludado.<\/p>\n<p>Rica em prote\u00edna, \u00f3mega-3, ferro, magn\u00e9sio e zinco, <span class=\"followup-block followup-block-hidden cursor-pointer outline-none static inline group-hover\/message:[--hover-opacity:1]\" tabindex=\"0\" data-question=\"Como o magn\u00e9sio e o ferro presentes na manteiga de c\u00e2nhamo contribuem para reduzir a fadiga?\" aria-haspopup=\"dialog\" aria-expanded=\"false\" aria-controls=\"radix-_r_dr_\" data-state=\"closed\">ajuda a reduzir a fadiga<\/span> e <span class=\"followup-block followup-block-hidden cursor-pointer outline-none static inline group-hover\/message:[--hover-opacity:1]\" tabindex=\"0\" data-question=\"Quais s\u00e3o os mecanismos pelos quais o zinco ajuda a combater o stress oxidativo no corpo?\" aria-haspopup=\"dialog\" aria-expanded=\"false\" aria-controls=\"radix-_r_ds_\" data-state=\"closed\">protege as c\u00e9lulas do stress oxidativo<\/span>. Sem alerg\u00e9nios conhecidos, \u00e9 uma <span class=\"followup-block followup-block-hidden cursor-pointer outline-none static inline group-hover\/message:[--hover-opacity:1]\" tabindex=\"0\" data-question=\"Quais s\u00e3o as principais diferen\u00e7as nutricionais entre a manteiga de c\u00e2nhamo e as pastas de amendoim ou am\u00eandoa?\" aria-haspopup=\"dialog\" aria-expanded=\"false\" aria-controls=\"radix-_r_dt_\" data-state=\"closed\">alternativa segura e deliciosa a pastas de frutos secos<\/span>.<\/p>\n<p>O c\u00e2nhamo tem um sabor delicado, com notas de frutos secos e um final terroso caracter\u00edstico \u2014 um gosto que amplia o vocabul\u00e1rio do paladar.<\/p>\n<p><em>Nota: Este produto n\u00e3o tem efeito psicoativo, <span class=\"followup-block followup-block-hidden cursor-pointer outline-none static inline group-hover\/message:[--hover-opacity:1]\" tabindex=\"0\" data-question=\"Que tipo de testes s\u00e3o realizados para garantir que os n\u00edveis de canabinoides estejam dentro dos limites seguros?\" aria-haspopup=\"dialog\" aria-expanded=\"false\" aria-controls=\"radix-_r_e6_\" data-state=\"closed\">embora possa conter vest\u00edgios de canabinoides devido ao processo de colheita<\/span>.<\/em><\/p>\n<p>A <strong>Hempions<\/strong> une sabor excecional e nutri\u00e7\u00e3o de topo, criada por atletas de elite e especialistas. Alimentos org\u00e2nicos de c\u00e2nhamo, ricos em prote\u00edna, \u00f3mega-3 e minerais essenciais \u2014 deliciosos, sustent\u00e1veis e sem aditivos. Nutri\u00e7\u00e3o de campe\u00e3o para o teu dia a dia!<\/p>\n","protected":false},"excerpt":{"rendered":"<p><span class=\"a_GcMg font-feature-liga-off font-feature-clig-off font-feature-calt-off text-decoration-none text-strikethrough-none\">Manteiga de sementes de c\u00e2nhamo torradas com sal<\/span> &#8211; Hempions (200g).<\/p>","protected":false},"featured_media":773,"comment_status":"open","ping_status":"closed","template":"","meta":[],"product_brand":[113],"product_cat":[35,28],"product_tag":[114,44,115,63,52],"class_list":{"0":"post-765","1":"product","2":"type-product","3":"status-publish","4":"has-post-thumbnail","6":"product_brand-hempions","7":"product_cat-outros-salgados","8":"product_cat-salgados","9":"product_tag-austria","10":"product_tag-organic","11":"product_tag-spread","12":"product_tag-cooking","13":"product_tag-salty","15":"first","16":"instock","17":"taxable","18":"shipping-taxable","19":"purchasable","20":"product-type-simple"},"jetpack_sharing_enabled":true,"_links":{"self":[{"href":"https:\/\/snapoutofmeat.com\/en\/wp-json\/wp\/v2\/product\/765","targetHints":{"allow":["GET"]}}],"collection":[{"href":"https:\/\/snapoutofmeat.com\/en\/wp-json\/wp\/v2\/product"}],"about":[{"href":"https:\/\/snapoutofmeat.com\/en\/wp-json\/wp\/v2\/types\/product"}],"replies":[{"embeddable":true,"href":"https:\/\/snapoutofmeat.com\/en\/wp-json\/wp\/v2\/comments?post=765"}],"wp:featuredmedia":[{"embeddable":true,"href":"https:\/\/snapoutofmeat.com\/en\/wp-json\/wp\/v2\/media\/773"}],"wp:attachment":[{"href":"https:\/\/snapoutofmeat.com\/en\/wp-json\/wp\/v2\/media?parent=765"}],"wp:term":[{"taxonomy":"product_brand","embeddable":true,"href":"https:\/\/snapoutofmeat.com\/en\/wp-json\/wp\/v2\/product_brand?post=765"},{"taxonomy":"product_cat","embeddable":true,"href":"https:\/\/snapoutofmeat.com\/en\/wp-json\/wp\/v2\/product_cat?post=765"},{"taxonomy":"product_tag","embeddable":true,"href":"https:\/\/snapoutofmeat.com\/en\/wp-json\/wp\/v2\/product_tag?post=765"}],"curies":[{"name":"wp","href":"https:\/\/api.w.org\/{rel}","templated":true}]}}