{"id":766,"date":"2026-01-13T09:14:22","date_gmt":"2026-01-13T09:14:22","guid":{"rendered":"https:\/\/snapoutofmeat.com\/?post_type=product&#038;p=766"},"modified":"2026-04-01T11:41:13","modified_gmt":"2026-04-01T11:41:13","slug":"hemp-seed-oil-hempions","status":"publish","type":"product","link":"https:\/\/snapoutofmeat.com\/en\/product\/hemp-seed-oil-hempions\/","title":{"rendered":"Hemp Seed Oil \u2013 Hempions"},"content":{"rendered":"<p><strong>\u00d3leo de C\u00e2nhamo Torrado \u2013 Intensidade e Nutrientes<\/strong><\/p>\n<p>O <strong>\u00f3leo de c\u00e2nhamo torrado<\/strong> \u00e9 um \u00f3leo dourado com um sabor intenso e aveludado, obtido atrav\u00e9s de prensagem a frio de sementes de c\u00e2nhamo torradas a uma temperatura m\u00e1xima de 120\u00b0C, preservando os valiosos \u00f3mega-3 e \u00f3mega-6.<\/p>\n<p>Rico em vitamina E, \u00e9 ideal para enriquecer saladas, dips, vegetais ou sobremesas. Um toque gourmet e nutritivo para qualquer refei\u00e7\u00e3o.<\/p>\n<p><em>Nota: Este produto n\u00e3o tem efeito psicoativo, <span class=\"followup-block followup-block-hidden cursor-pointer outline-none static inline group-hover\/message:[--hover-opacity:1]\" tabindex=\"0\" data-question=\"Que tipo de testes s\u00e3o realizados para garantir que os n\u00edveis de canabinoides estejam dentro dos limites seguros?\" aria-haspopup=\"dialog\" aria-expanded=\"false\" aria-controls=\"radix-_r_e6_\" data-state=\"closed\">embora possa conter vest\u00edgios de canabinoides devido ao processo de colheita<\/span>.<\/em><\/p>\n<p>A <strong>Hempions<\/strong> une sabor excecional e nutri\u00e7\u00e3o de topo, criada por atletas de elite e especialistas. Alimentos org\u00e2nicos de c\u00e2nhamo, ricos em prote\u00edna, \u00f3mega-3 e minerais essenciais \u2014 deliciosos, sustent\u00e1veis e sem aditivos. Nutri\u00e7\u00e3o de campe\u00e3o para o teu dia a dia!<\/p>\n","protected":false},"excerpt":{"rendered":"<p><span class=\"a_GcMg font-feature-liga-off font-feature-clig-off font-feature-calt-off text-decoration-none text-strikethrough-none\">\u00d3leo de sementes de c\u00e2nhamo<\/span>\u00a0&#8211; Hempions (100ml).<\/p>","protected":false},"featured_media":779,"comment_status":"open","ping_status":"closed","template":"","meta":[],"product_brand":[113],"product_cat":[35,28],"product_tag":[114,44,63,52],"class_list":{"0":"post-766","1":"product","2":"type-product","3":"status-publish","4":"has-post-thumbnail","6":"product_brand-hempions","7":"product_cat-outros-salgados","8":"product_cat-salgados","9":"product_tag-austria","10":"product_tag-organic","11":"product_tag-cooking","12":"product_tag-salty","14":"first","15":"instock","16":"taxable","17":"shipping-taxable","18":"purchasable","19":"product-type-simple"},"jetpack_sharing_enabled":true,"_links":{"self":[{"href":"https:\/\/snapoutofmeat.com\/en\/wp-json\/wp\/v2\/product\/766","targetHints":{"allow":["GET"]}}],"collection":[{"href":"https:\/\/snapoutofmeat.com\/en\/wp-json\/wp\/v2\/product"}],"about":[{"href":"https:\/\/snapoutofmeat.com\/en\/wp-json\/wp\/v2\/types\/product"}],"replies":[{"embeddable":true,"href":"https:\/\/snapoutofmeat.com\/en\/wp-json\/wp\/v2\/comments?post=766"}],"wp:featuredmedia":[{"embeddable":true,"href":"https:\/\/snapoutofmeat.com\/en\/wp-json\/wp\/v2\/media\/779"}],"wp:attachment":[{"href":"https:\/\/snapoutofmeat.com\/en\/wp-json\/wp\/v2\/media?parent=766"}],"wp:term":[{"taxonomy":"product_brand","embeddable":true,"href":"https:\/\/snapoutofmeat.com\/en\/wp-json\/wp\/v2\/product_brand?post=766"},{"taxonomy":"product_cat","embeddable":true,"href":"https:\/\/snapoutofmeat.com\/en\/wp-json\/wp\/v2\/product_cat?post=766"},{"taxonomy":"product_tag","embeddable":true,"href":"https:\/\/snapoutofmeat.com\/en\/wp-json\/wp\/v2\/product_tag?post=766"}],"curies":[{"name":"wp","href":"https:\/\/api.w.org\/{rel}","templated":true}]}}