{"id":769,"date":"2026-01-13T12:43:05","date_gmt":"2026-01-13T12:43:05","guid":{"rendered":"https:\/\/snapoutofmeat.com\/?post_type=product&#038;p=769"},"modified":"2026-04-01T11:34:25","modified_gmt":"2026-04-01T11:34:25","slug":"sea-salt-hemp-flips-hempions","status":"publish","type":"product","link":"https:\/\/snapoutofmeat.com\/en\/product\/sea-salt-hemp-flips-hempions\/","title":{"rendered":"Hemp Flips Sea Salt \u2013 Hempions"},"content":{"rendered":"<p><strong>Hemp Flips Sal Marinho \u2013 O Snack Original e Nutritivo<\/strong><\/p>\n<p>Os <strong>Hemp Flips<\/strong> s\u00e3o o snack crocante e leve que combina sabor e nutri\u00e7\u00e3o. Um pacote de 70g oferece 13g de prote\u00edna, 11g de fibra e todo o \u00f3mega-3 que precisas para o dia, s\u00e3o ideais para te manter saciado sem pesar no est\u00f4mago.<\/p>\n<p>Feitos com apenas 4 ingredientes + sal marinho (lentilhas, c\u00e2nhamo, milho e \u00f3leo de girassol), s\u00e3o 100% vegan, sem gl\u00faten e sem aditivos.\u00a0O snack perfeito para qualquer altura!<\/p>\n<p><em>Nota: Este produto n\u00e3o tem efeito psicoativo, <span class=\"followup-block followup-block-hidden cursor-pointer outline-none static inline group-hover\/message:[--hover-opacity:1]\" tabindex=\"0\" data-question=\"Que tipo de testes s\u00e3o realizados para garantir que os n\u00edveis de canabinoides estejam dentro dos limites seguros?\" aria-haspopup=\"dialog\" aria-expanded=\"false\" aria-controls=\"radix-_r_e6_\" data-state=\"closed\">embora possa conter vest\u00edgios de canabinoides devido ao processo de colheita<\/span>.<\/em><\/p>\n<p>A <strong>Hempions<\/strong> une sabor excecional e nutri\u00e7\u00e3o de topo, criada por atletas de elite e especialistas. Alimentos org\u00e2nicos de c\u00e2nhamo, ricos em prote\u00edna, \u00f3mega-3 e minerais essenciais \u2014 deliciosos, sustent\u00e1veis e sem aditivos. Nutri\u00e7\u00e3o de campe\u00e3o para o teu dia a dia!<\/p>\n","protected":false},"excerpt":{"rendered":"<p>Crunchy hemp seed snack with sea salt \u2013 Hempions (70g).<\/p>","protected":false},"featured_media":787,"comment_status":"open","ping_status":"closed","template":"","meta":[],"product_brand":[113],"product_cat":[35,28],"product_tag":[114,44,52,42],"class_list":{"0":"post-769","1":"product","2":"type-product","3":"status-publish","4":"has-post-thumbnail","6":"product_brand-hempions","7":"product_cat-outros-salgados","8":"product_cat-salgados","9":"product_tag-austria","10":"product_tag-organic","11":"product_tag-salty","12":"product_tag-snack","14":"first","15":"instock","16":"taxable","17":"shipping-taxable","18":"purchasable","19":"product-type-simple"},"jetpack_sharing_enabled":true,"_links":{"self":[{"href":"https:\/\/snapoutofmeat.com\/en\/wp-json\/wp\/v2\/product\/769","targetHints":{"allow":["GET"]}}],"collection":[{"href":"https:\/\/snapoutofmeat.com\/en\/wp-json\/wp\/v2\/product"}],"about":[{"href":"https:\/\/snapoutofmeat.com\/en\/wp-json\/wp\/v2\/types\/product"}],"replies":[{"embeddable":true,"href":"https:\/\/snapoutofmeat.com\/en\/wp-json\/wp\/v2\/comments?post=769"}],"wp:featuredmedia":[{"embeddable":true,"href":"https:\/\/snapoutofmeat.com\/en\/wp-json\/wp\/v2\/media\/787"}],"wp:attachment":[{"href":"https:\/\/snapoutofmeat.com\/en\/wp-json\/wp\/v2\/media?parent=769"}],"wp:term":[{"taxonomy":"product_brand","embeddable":true,"href":"https:\/\/snapoutofmeat.com\/en\/wp-json\/wp\/v2\/product_brand?post=769"},{"taxonomy":"product_cat","embeddable":true,"href":"https:\/\/snapoutofmeat.com\/en\/wp-json\/wp\/v2\/product_cat?post=769"},{"taxonomy":"product_tag","embeddable":true,"href":"https:\/\/snapoutofmeat.com\/en\/wp-json\/wp\/v2\/product_tag?post=769"}],"curies":[{"name":"wp","href":"https:\/\/api.w.org\/{rel}","templated":true}]}}