{"id":106,"date":"2025-08-15T14:46:29","date_gmt":"2025-08-15T14:46:29","guid":{"rendered":"https:\/\/navajowhite-ibis-676531.hostingersite.com\/?page_id=106"},"modified":"2025-09-26T16:41:02","modified_gmt":"2025-09-26T16:41:02","slug":"metodos-de-pagamento","status":"publish","type":"page","link":"https:\/\/snapoutofmeat.com\/pt_pt\/metodos-de-pagamento\/","title":{"rendered":"M\u00e9todos de Pagamento"},"content":{"rendered":"\n<p class=\"has-dark-color has-text-color has-link-color wp-elements-b6ffde4f0f3d565d841dce36fcda7241\">Oferecemos alguns m\u00e9todos de pagamento para que voc\u00ea possa escolher o que melhor lhe convier. Os pagamentos s\u00e3o gerenciados por meio da plataforma de pagamento 100% segura, via Stripe.<\/p>\n\n\n\n<p class=\"has-dark-color has-text-color has-link-color wp-elements-8c11956382a88bd2d4e7460862a48f1e\">&#8211;\u00a0<strong>Cart\u00f5es de d\u00e9bito e cr\u00e9dito<\/strong>: aceitamos Visa, Mastercard, American Express, dentre outros.<\/p>\n\n\n\n<p class=\"has-dark-color has-text-color has-link-color wp-elements-418cdbc995bb6536ec8cb553ae91b0ca\">&#8211;&nbsp;<strong>Google Pay<\/strong> <strong>e Apple Pay<\/strong>: Voc\u00ea pode realizar o pagamento diretamente com a sua carteira digital.<\/p>\n\n\n\n<p class=\"has-dark-color has-text-color has-link-color wp-elements-6a3438fb7139b94056ff3a0e1528674b\">&#8211;&nbsp;<strong>Multibanco<\/strong>: \u00c9 um meio de pagamento com a seguran\u00e7a da rede MULTIBANCO. O c\u00f3digo de refer\u00eancia de pagamento pode ser encontrado no final da compra e no e-mail de confirma\u00e7\u00e3o que lhe enviamos logo ap\u00f3s a efetuar a encomenda. Para efetuar o pagamento, basta ter um cart\u00e3o banc\u00e1rio v\u00e1lido na rede MULTIBANCO, selecionar a transa\u00e7\u00e3o e inserir a entidade, refer\u00eancia e montante.<\/p>\n\n\n\n<p>&#8211; <strong>Transfer\u00eancia Banc\u00e1ria<\/strong>: Efectue o seu pagamento por transfer\u00eancia banc\u00e1ria ou dep\u00f3sito directo na nossa conta. Para facilitar o reconhecimento do seu pagamento, por favor indique o n.\u00ba da encomenda como refer\u00eancia da transfer\u00eancia ou dep\u00f3sito. A sua encomenda n\u00e3o ser\u00e1 enviada at\u00e9 que identifiquemos o montante na nossa conta.<\/p>\n\n\n\n<p class=\"has-dark-color has-text-color has-link-color wp-elements-ba0b4a0ea64a870d2ca5d0618e64ea1a\">N\u00e3o \u00e9 poss\u00edvel pagar o mesmo pedido com v\u00e1rios m\u00e9todos de pagamento. Tamb\u00e9m n\u00e3o \u00e9 poss\u00edvel fazer o pagamento em numer\u00e1rio no momento da entrega. Recordamos que, no caso de reembolso de pagamentos efectuados por&nbsp;<strong>Multibanco<\/strong>, o dinheiro ser\u00e1 creditado mediante a indica\u00e7\u00e3o de um n\u00famero de conta onde o dinheiro pode ser depositado.<\/p>\n","protected":false},"excerpt":{"rendered":"<p>Oferecemos alguns m\u00e9todos de pagamento para que voc\u00ea possa escolher o que melhor lhe convier. Os pagamentos s\u00e3o gerenciados por meio da plataforma de pagamento 100% segura, via Stripe. &#8211;\u00a0Cart\u00f5es de d\u00e9bito e cr\u00e9dito: aceitamos Visa, Mastercard, American Express, dentre outros. &#8211;&nbsp;Google Pay e Apple Pay: Voc\u00ea pode realizar o pagamento diretamente com a sua [&hellip;]<\/p>\n","protected":false},"author":1,"featured_media":0,"parent":0,"menu_order":0,"comment_status":"closed","ping_status":"closed","template":"","meta":{"footnotes":""},"class_list":["post-106","page","type-page","status-publish","hentry"],"jetpack_sharing_enabled":true,"_links":{"self":[{"href":"https:\/\/snapoutofmeat.com\/pt_pt\/wp-json\/wp\/v2\/pages\/106","targetHints":{"allow":["GET"]}}],"collection":[{"href":"https:\/\/snapoutofmeat.com\/pt_pt\/wp-json\/wp\/v2\/pages"}],"about":[{"href":"https:\/\/snapoutofmeat.com\/pt_pt\/wp-json\/wp\/v2\/types\/page"}],"author":[{"embeddable":true,"href":"https:\/\/snapoutofmeat.com\/pt_pt\/wp-json\/wp\/v2\/users\/1"}],"replies":[{"embeddable":true,"href":"https:\/\/snapoutofmeat.com\/pt_pt\/wp-json\/wp\/v2\/comments?post=106"}],"version-history":[{"count":7,"href":"https:\/\/snapoutofmeat.com\/pt_pt\/wp-json\/wp\/v2\/pages\/106\/revisions"}],"predecessor-version":[{"id":485,"href":"https:\/\/snapoutofmeat.com\/pt_pt\/wp-json\/wp\/v2\/pages\/106\/revisions\/485"}],"wp:attachment":[{"href":"https:\/\/snapoutofmeat.com\/pt_pt\/wp-json\/wp\/v2\/media?parent=106"}],"curies":[{"name":"wp","href":"https:\/\/api.w.org\/{rel}","templated":true}]}}