{"id":109,"date":"2025-08-15T14:47:07","date_gmt":"2025-08-15T14:47:07","guid":{"rendered":"https:\/\/navajowhite-ibis-676531.hostingersite.com\/?page_id=109"},"modified":"2025-10-07T19:00:38","modified_gmt":"2025-10-07T19:00:38","slug":"termos-e-condicoes","status":"publish","type":"page","link":"https:\/\/snapoutofmeat.com\/pt_pt\/termos-e-condicoes\/","title":{"rendered":"Termos e Condi\u00e7\u00f5es"},"content":{"rendered":"\n<p class=\"has-dark-color has-text-color has-link-color wp-elements-b334a295b5f84503260dba620a61530e\">Termos e Condi\u00e7\u00f5es \u2014 Snap Out Of Meat<\/p>\n\n\n\n<p class=\"has-dark-color has-text-color has-link-color wp-elements-9c918962b541a2ff8f8763f39c5e0d8c\" style=\"text-decoration:underline\">1. Identifica\u00e7\u00e3o da Empresa<\/p>\n\n\n\n<p class=\"has-dark-color has-text-color has-link-color wp-elements-e85f793bda0cddd49d0f8b2b57ca81b2\">Este site \u00e9 operado por <strong>ScriptedSolutions Unipessoal LDA<\/strong>, doravante designada \u201cSnap Out Of Meat\u201d, com sede em Rua Dr. \u00c2ngelo Ferrari, 9 &#8211; 2ESQ, Leiria &#8211; Portugal. Contacto: hello@snapoutofmeat.com.<\/p>\n\n\n\n<p class=\"has-dark-color has-text-color has-link-color wp-elements-109955f08967ac9de5643776351de861\" style=\"text-decoration:underline\">2. Produtos<\/p>\n\n\n\n<p class=\"has-dark-color has-text-color has-link-color wp-elements-e290c97994c52b7fdd496aa83d7d8d46\">Os produtos disponibilizados na loja online s\u00e3o destinados a consumidores finais e s\u00e3o descritos com a maior precis\u00e3o poss\u00edvel. Reservamo-nos o direito de modificar a qualquer momento a oferta de produtos, pre\u00e7os e condi\u00e7\u00f5es de venda.<\/p>\n\n\n\n<p class=\"has-dark-color has-text-color has-link-color wp-elements-67a1a833f4c74c465b616bc0954fafa2\" style=\"text-decoration:underline\">3. Pre\u00e7os e Impostos<\/p>\n\n\n\n<p class=\"has-dark-color has-text-color has-link-color wp-elements-23d3be301cf7ad554a4c3d0c68ae080b\">Todos os pre\u00e7os est\u00e3o indicados em euros (\u20ac) e incluem IVA \u00e0 taxa legal em vigor. As taxas de envio s\u00e3o indicadas separadamente antes da finaliza\u00e7\u00e3o da compra.<\/p>\n\n\n\n<p class=\"has-dark-color has-text-color has-link-color wp-elements-8833111c5985cef280700e156b3851a7\" style=\"text-decoration:underline\">4. Encomendas<\/p>\n\n\n\n<p class=\"has-dark-color has-text-color has-link-color wp-elements-3fdfd4cbe5a6a02339190e655b396be4\">Ap\u00f3s a conclus\u00e3o de uma encomenda, o cliente receber\u00e1 um e-mail de confirma\u00e7\u00e3o. A Snap Out Of Meat reserva-se o direito de cancelar ou n\u00e3o aceitar uma encomenda em casos de indisponibilidade de stock, erro nos pre\u00e7os ou dados incorretos.<\/p>\n\n\n\n<p class=\"has-dark-color has-text-color has-link-color wp-elements-86261ca86c61d26103c93af236c7d57e\" style=\"text-decoration:underline\">5. M\u00e9todos de Pagamento<\/p>\n\n\n\n<p class=\"has-dark-color has-text-color has-link-color wp-elements-c6644359c4d6e1b15f60e3ab93c2b78d\">Aceitamos os seguintes m\u00e9todos de pagamento: &#8211; Cart\u00e3o de Cr\u00e9dito\/D\u00e9bito (via Stripe) &#8211; MB Way &#8211; Multibanco (atrav\u00e9s de entidade parceira) &#8211; Transfer\u00eancia Banc\u00e1ria manual.<\/p>\n\n\n\n<p class=\"has-dark-color has-text-color has-link-color wp-elements-da155f691e74a4ecc95486ad161fd6de\" style=\"text-decoration:underline\">6. Envio e Entregas<\/p>\n\n\n\n<p class=\"has-dark-color has-text-color has-link-color wp-elements-c089521ab69cb07e7958a07c93efadca\">Realizamos envios para Portugal continental. Os prazos e custos de envio s\u00e3o apresentados na p\u00e1gina <a href=\"https:\/\/snapoutofmeat.com\/envio-e-devolucoes\/\" data-type=\"page\" data-id=\"13\">Portes de Envio e Devolu\u00e7\u00f5es<\/a>.<\/p>\n\n\n\n<p class=\"has-dark-color has-text-color has-link-color wp-elements-560f610eaf2a5c30334581697e08bf03\" style=\"text-decoration:underline\">7. Direito de Livre Resolu\u00e7\u00e3o<\/p>\n\n\n\n<p>Nos termos do Decreto-Lei n.\u00ba 24\/2014, o consumidor disp\u00f5e do direito de resolver o contrato no prazo de 14 dias ap\u00f3s a rece\u00e7\u00e3o dos produtos, exceto nos casos expressamente exclu\u00eddos pela lei.<br><br>Informamos que, de acordo com o artigo 17.\u00ba do referido diploma, <strong>o direito de livre resolu\u00e7\u00e3o n\u00e3o \u00e9 aplic\u00e1vel a bens alimentares suscet\u00edveis de deteriora\u00e7\u00e3o ou caducidade r\u00e1pida, nem a produtos selados que n\u00e3o possam ser devolvidos por motivos de prote\u00e7\u00e3o da sa\u00fade ou de higiene, caso tenham sido abertos ap\u00f3s a entrega<\/strong>.<br><br>Assim, os produtos comercializados pela SNAP OUT OF MEAT, por se tratarem de bens alimentares, n\u00e3o est\u00e3o abrangidos pelo direito de livre resolu\u00e7\u00e3o, salvo se apresentarem defeito ou n\u00e3o conformidade com a encomenda.<\/p>\n\n\n\n<p class=\"has-dark-color has-text-color has-link-color wp-elements-e160ed61be7ca3cd62d1ccc930508e8e\" style=\"text-decoration:underline\">8. Garantia e Reclama\u00e7\u00f5es<\/p>\n\n\n\n<p class=\"has-dark-color has-text-color has-link-color wp-elements-39d14886dbf091a9ce494d2e30bd9d9b\">A Snap Out Of Meat cumpre com todas as obriga\u00e7\u00f5es legais relativas \u00e0 garantia de bens de consumo. Em caso de defeito, entre em contacto connosco para resolu\u00e7\u00e3o da situa\u00e7\u00e3o.<\/p>\n\n\n\n<p class=\"has-dark-color has-text-color has-link-color wp-elements-23686633ac9d5c7b208e2968d6d2213d\" style=\"text-decoration:underline\">9. Livro de Reclama\u00e7\u00f5es<\/p>\n\n\n\n<p class=\"has-dark-color has-text-color has-link-color wp-elements-1ab3c26990f782d21f06cba6abcfb18d\">Em conformidade com a legisla\u00e7\u00e3o portuguesa, disponibilizamos o acesso ao <strong>Livro de Reclama\u00e7\u00f5es Eletr\u00f3nico<\/strong> atrav\u00e9s do link no rodap\u00e9 do nosso website.<\/p>\n\n\n\n<p class=\"has-dark-color has-text-color has-link-color wp-elements-fd514d8397f3c367a7a3884c38028200\" style=\"text-decoration:underline\">10. Lei Aplic\u00e1vel<\/p>\n\n\n\n<p class=\"has-dark-color has-text-color has-link-color wp-elements-399696bd025795b49f27186a3015ff20\">Estes termos s\u00e3o regidos pela lei portuguesa. Em caso de lit\u00edgio, o consumidor pode recorrer ao Centro de Arbitragem de Conflitos de Consumo.<\/p>\n\n\n\n<p class=\"has-dark-color has-text-color has-link-color wp-elements-d165db10a2b231657b8549a95e986288\"><br>Caso tenha d\u00favidas sobre estes documentos, entre em contacto connosco: <strong>hello@snapoutofmeat.com<\/strong>.<\/p>\n","protected":false},"excerpt":{"rendered":"<p>Termos e Condi\u00e7\u00f5es \u2014 Snap Out Of Meat 1. Identifica\u00e7\u00e3o da Empresa Este site \u00e9 operado por ScriptedSolutions Unipessoal LDA, doravante designada \u201cSnap Out Of Meat\u201d, com sede em Rua Dr. \u00c2ngelo Ferrari, 9 &#8211; 2ESQ, Leiria &#8211; Portugal. Contacto: hello@snapoutofmeat.com. 2. Produtos Os produtos disponibilizados na loja online s\u00e3o destinados a consumidores finais e [&hellip;]<\/p>\n","protected":false},"author":1,"featured_media":0,"parent":0,"menu_order":0,"comment_status":"closed","ping_status":"closed","template":"","meta":{"footnotes":""},"class_list":["post-109","page","type-page","status-publish","hentry"],"jetpack_sharing_enabled":true,"_links":{"self":[{"href":"https:\/\/snapoutofmeat.com\/pt_pt\/wp-json\/wp\/v2\/pages\/109","targetHints":{"allow":["GET"]}}],"collection":[{"href":"https:\/\/snapoutofmeat.com\/pt_pt\/wp-json\/wp\/v2\/pages"}],"about":[{"href":"https:\/\/snapoutofmeat.com\/pt_pt\/wp-json\/wp\/v2\/types\/page"}],"author":[{"embeddable":true,"href":"https:\/\/snapoutofmeat.com\/pt_pt\/wp-json\/wp\/v2\/users\/1"}],"replies":[{"embeddable":true,"href":"https:\/\/snapoutofmeat.com\/pt_pt\/wp-json\/wp\/v2\/comments?post=109"}],"version-history":[{"count":9,"href":"https:\/\/snapoutofmeat.com\/pt_pt\/wp-json\/wp\/v2\/pages\/109\/revisions"}],"predecessor-version":[{"id":545,"href":"https:\/\/snapoutofmeat.com\/pt_pt\/wp-json\/wp\/v2\/pages\/109\/revisions\/545"}],"wp:attachment":[{"href":"https:\/\/snapoutofmeat.com\/pt_pt\/wp-json\/wp\/v2\/media?parent=109"}],"curies":[{"name":"wp","href":"https:\/\/api.w.org\/{rel}","templated":true}]}}