{"id":594,"date":"2026-01-21T15:58:06","date_gmt":"2026-01-21T15:58:06","guid":{"rendered":"https:\/\/snapoutofmeat.com\/?page_id=594"},"modified":"2026-01-21T16:02:20","modified_gmt":"2026-01-21T16:02:20","slug":"b2b","status":"publish","type":"page","link":"https:\/\/snapoutofmeat.com\/pt_pt\/b2b\/","title":{"rendered":"Servi\u00e7os B2B"},"content":{"rendered":"\n<h2 class=\"wp-block-heading\">Distribui\u00e7\u00e3o de Produtos Plant-Based<\/h2>\n\n\n\n<p>Gostaria de ter os produtos <strong>Snap Out of Meat<\/strong> dispon\u00edveis tamb\u00e9m na sua loja ou espa\u00e7o? Entre em contacto connosco.<\/p>\n\n\n\n<p>Envie um email para <strong><a href=\"mailto:hello@snapoutofmeat.com\">hello@snapoutofmeat.com<\/a><\/strong> com o assunto <strong>\u201cRequisi\u00e7\u00e3o de Cat\u00e1logo B2B\u201d<\/strong> e os seguintes dados da sua empresa:<\/p>\n\n\n\n<ul class=\"wp-block-list\">\n<li>Nome da empresa<\/li>\n\n\n\n<li>Website ou liga\u00e7\u00e3o Google Maps do estabelecimento<\/li>\n\n\n\n<li>NIPC<\/li>\n\n\n\n<li>Tipo de neg\u00f3cio (loja, caf\u00e9, restaurante, hotel, outro)<\/li>\n\n\n\n<li>Cidade \/ regi\u00e3o<\/li>\n\n\n\n<li>Pessoa de contacto e fun\u00e7\u00e3o<\/li>\n<\/ul>\n\n\n\n<p>Ap\u00f3s valida\u00e7\u00e3o, enviaremos o cat\u00e1logo com condi\u00e7\u00f5es B2B e informa\u00e7\u00f5es de encomenda.<\/p>\n\n\n\n<hr class=\"wp-block-separator has-alpha-channel-opacity\"\/>\n\n\n\n<h3 class=\"wp-block-heading\">Consultoria de Menu Plant-Based<\/h3>\n\n\n\n<p>Tem um restaurante com uma oferta variada e gostaria de incluir <strong>op\u00e7\u00f5es veganas bem pensadas e apelativas<\/strong>? N\u00f3s ajudamos.<\/p>\n\n\n\n<p>Este servi\u00e7o \u00e9 <strong>online e gratuito<\/strong>.<\/p>\n\n\n\n<p>Envie o seu menu atual para <strong><a href=\"mailto:hello@snapoutofmeat.com\" data-type=\"mailto\" data-id=\"mailto:hello@snapoutofmeat.com\">hello@snapoutofmeat.com<\/a><\/strong> com o assunto<br><strong>\u201cAn\u00e1lise de Menu \u2013 Nome do Restaurante\u201d<\/strong>.<\/p>\n\n\n\n<p>No corpo do email, inclua:<\/p>\n\n\n\n<ul class=\"wp-block-list\">\n<li>Website ou liga\u00e7\u00e3o Google Maps do estabelecimento<\/li>\n<\/ul>\n\n\n\n<p>Caso tenha outras d\u00favidas sobre como <strong>introduzir op\u00e7\u00f5es veganas<\/strong>, <strong>comunic\u00e1-las de forma eficaz<\/strong> ou <strong>melhorar a experi\u00eancia deste p\u00fablico<\/strong>, dispomos de servi\u00e7os adicionais de consultoria, com valores simb\u00f3licos.<br>Indique o seu interesse no email.<\/p>\n\n\n\n<p><\/p>\n","protected":false},"excerpt":{"rendered":"<p>Distribui\u00e7\u00e3o de Produtos Plant-Based Gostaria de ter os produtos Snap Out of Meat dispon\u00edveis tamb\u00e9m na sua loja ou espa\u00e7o? Entre em contacto connosco. Envie um email para hello@snapoutofmeat.com com o assunto \u201cRequisi\u00e7\u00e3o de Cat\u00e1logo B2B\u201d e os seguintes dados da sua empresa: Ap\u00f3s valida\u00e7\u00e3o, enviaremos o cat\u00e1logo com condi\u00e7\u00f5es B2B e informa\u00e7\u00f5es de encomenda. [&hellip;]<\/p>\n","protected":false},"author":1,"featured_media":0,"parent":0,"menu_order":0,"comment_status":"closed","ping_status":"closed","template":"","meta":{"footnotes":""},"class_list":["post-594","page","type-page","status-publish","hentry"],"jetpack_sharing_enabled":true,"_links":{"self":[{"href":"https:\/\/snapoutofmeat.com\/pt_pt\/wp-json\/wp\/v2\/pages\/594","targetHints":{"allow":["GET"]}}],"collection":[{"href":"https:\/\/snapoutofmeat.com\/pt_pt\/wp-json\/wp\/v2\/pages"}],"about":[{"href":"https:\/\/snapoutofmeat.com\/pt_pt\/wp-json\/wp\/v2\/types\/page"}],"author":[{"embeddable":true,"href":"https:\/\/snapoutofmeat.com\/pt_pt\/wp-json\/wp\/v2\/users\/1"}],"replies":[{"embeddable":true,"href":"https:\/\/snapoutofmeat.com\/pt_pt\/wp-json\/wp\/v2\/comments?post=594"}],"version-history":[{"count":3,"href":"https:\/\/snapoutofmeat.com\/pt_pt\/wp-json\/wp\/v2\/pages\/594\/revisions"}],"predecessor-version":[{"id":803,"href":"https:\/\/snapoutofmeat.com\/pt_pt\/wp-json\/wp\/v2\/pages\/594\/revisions\/803"}],"wp:attachment":[{"href":"https:\/\/snapoutofmeat.com\/pt_pt\/wp-json\/wp\/v2\/media?parent=594"}],"curies":[{"name":"wp","href":"https:\/\/api.w.org\/{rel}","templated":true}]}}