{"id":64,"date":"2025-08-15T14:47:00","date_gmt":"2025-08-15T14:47:00","guid":{"rendered":"https:\/\/navajowhite-ibis-676531.hostingersite.com\/?page_id=64"},"modified":"2025-09-06T18:13:28","modified_gmt":"2025-09-06T18:13:28","slug":"sobre-nos","status":"publish","type":"page","link":"https:\/\/snapoutofmeat.com\/pt_pt\/sobre-nos\/","title":{"rendered":"Sobre n\u00f3s"},"content":{"rendered":"\n<p>A Snap Out Of Meat nasceu mesmo em 2021, quando tive a ideia para o nome. Lembro-me como se fosse hoje: estava a chover, eu estava numa ilha no Brasil, em plena pandemia. J\u00e1 sabia que queria mais da vida, para al\u00e9m do meu trabalho na \u00e1rea de tecnologia.<\/p>\n\n\n\n<p>Um dos meus passatempos preferidos \u00e9 inventar na cozinha. Gosto de experimentar sabores novos e inesperados \u2014 e isso reflecte-se noutras \u00e1reas da minha vida tamb\u00e9m. Estou sempre \u00e0 procura de produtos diferentes e de restaurantes veganos que ainda n\u00e3o conhe\u00e7o. Por isso, a miss\u00e3o era simples: reunir sabores surpreendentes, trazer novidades e dar aos veganos a liberdade de saborear tudo\u2026 em vers\u00e3o vegana.<\/p>\n\n\n\n<p>Quero acabar de vez com aquela frase que muitos repetem em sil\u00eancio: <em>&#8220;Ah, se houvesse uma vers\u00e3o vegana de [insere aqui qualquer coisa que nunca mais comeste desde que mudaste a tua alimenta\u00e7\u00e3o]&#8221;.<\/em><\/p>\n\n\n\n<p>Hoje, somos uma loja online baseada em Portugal, focada em snacks e produtos veganos fabricados na Europa. Come\u00e7\u00e1mos pequenos, com uma selec\u00e7\u00e3o curta mas bem pensada de produtos que consumimos e recomendamos \u2014 e queremos crescer contigo. J\u00e1 estou cheia de vontade de trazer sabores veganos do resto do mundo para esta parte do mapa.<\/p>\n\n\n\n<p>Sei bem como pode ser dif\u00edcil mudar h\u00e1bitos alimentares. Mas tamb\u00e9m sei que, muitas vezes, o que falta \u00e9 s\u00f3 acesso, praticidade e um bocadinho de curiosidade. Foi por isso que me meti nesta aventura de criar um neg\u00f3cio \u2014 para tornar essa transi\u00e7\u00e3o mais leve, mais acess\u00edvel e, se depender de mim, com algumas boas gargalhadas pelo caminho.<\/p>\n\n\n\n<p><strong>Snap Out Of Meat<\/strong> \u00e9 uma chamada \u00e0 ac\u00e7\u00e3o \u2014 uma provoca\u00e7\u00e3o com humor, um convite a experimentar algo diferente. <em>N\u00e3o precisas de ser vegano para seres vegano.<\/em><\/p>\n\n\n\n<hr class=\"wp-block-separator has-alpha-channel-opacity\"\/>\n\n\n\n<h3 class=\"wp-block-heading\">Quem est\u00e1 por tr\u00e1s?<\/h3>\n\n\n\n<p>Somos um casal com experi\u00eancia em tecnologia, vendas e gest\u00e3o, e uma grande vontade de contribuir para um futuro mais \u00e9tico e sustent\u00e1vel. E, claro, o Ruffus \u2014 o nosso gato-propaganda. Somos n\u00f3s que tratamos da curadoria, da embalagem, do apoio ao cliente e, sempre que poss\u00edvel, das entregas. A loja \u00e9 pequena, mas feita com inten\u00e7\u00e3o.<\/p>\n\n\n\n<p>Se tiveres sugest\u00f5es (ou estiveres desesperado por uma vers\u00e3o vegana de alguma coisa), d\u00favidas, ou simplesmente quiseres dizer ol\u00e1 ao Ruffus, escreve-nos para <a href=\"mailto:hello@snapoutofmeat.com\">hello@snapoutofmeat.com<\/a> \u2014 adoramos ouvir quem nos visita.<\/p>\n\n\n\n<p><\/p>\n","protected":false},"excerpt":{"rendered":"<p>A Snap Out Of Meat nasceu mesmo em 2021, quando tive a ideia para o nome. Lembro-me como se fosse hoje: estava a chover, eu estava numa ilha no Brasil, em plena pandemia. J\u00e1 sabia que queria mais da vida, para al\u00e9m do meu trabalho na \u00e1rea de tecnologia. Um dos meus passatempos preferidos \u00e9 [&hellip;]<\/p>\n","protected":false},"author":1,"featured_media":0,"parent":0,"menu_order":0,"comment_status":"closed","ping_status":"closed","template":"","meta":{"footnotes":""},"class_list":["post-64","page","type-page","status-publish","hentry"],"jetpack_sharing_enabled":true,"_links":{"self":[{"href":"https:\/\/snapoutofmeat.com\/pt_pt\/wp-json\/wp\/v2\/pages\/64","targetHints":{"allow":["GET"]}}],"collection":[{"href":"https:\/\/snapoutofmeat.com\/pt_pt\/wp-json\/wp\/v2\/pages"}],"about":[{"href":"https:\/\/snapoutofmeat.com\/pt_pt\/wp-json\/wp\/v2\/types\/page"}],"author":[{"embeddable":true,"href":"https:\/\/snapoutofmeat.com\/pt_pt\/wp-json\/wp\/v2\/users\/1"}],"replies":[{"embeddable":true,"href":"https:\/\/snapoutofmeat.com\/pt_pt\/wp-json\/wp\/v2\/comments?post=64"}],"version-history":[{"count":1,"href":"https:\/\/snapoutofmeat.com\/pt_pt\/wp-json\/wp\/v2\/pages\/64\/revisions"}],"predecessor-version":[{"id":65,"href":"https:\/\/snapoutofmeat.com\/pt_pt\/wp-json\/wp\/v2\/pages\/64\/revisions\/65"}],"wp:attachment":[{"href":"https:\/\/snapoutofmeat.com\/pt_pt\/wp-json\/wp\/v2\/media?parent=64"}],"curies":[{"name":"wp","href":"https:\/\/api.w.org\/{rel}","templated":true}]}}