{"id":177,"date":"2025-08-29T17:45:56","date_gmt":"2025-08-29T17:45:56","guid":{"rendered":"https:\/\/navajowhite-ibis-676531.hostingersite.com\/?post_type=product&#038;p=177"},"modified":"2026-04-13T19:26:21","modified_gmt":"2026-04-13T19:26:21","slug":"benefeat-barrita-energetica-cacau","status":"publish","type":"product","link":"https:\/\/snapoutofmeat.com\/pt_pt\/product\/benefeat-barrita-energetica-cacau\/","title":{"rendered":"Barra Energ\u00e9tica Benefeat &#8211; Cacau"},"content":{"rendered":"<p class=\"p1\">Barra Energ\u00e9tica Org\u00e2nica Crua da Benefeat &#8211; Cacau. 100% vegan, sem gl\u00faten, biol\u00f3gicas e naturalmente doces &#8211; sem a\u00e7\u00facares adicionados nem OGM. Ricas em fibras, estas barras cruas mant\u00eam todos os nutrientes intactos para um snack saud\u00e1vel.<\/p>\n<p class=\"p1\">Ingredientes naturais de alta qualidade, cuidadosamente selecionados para oferecer uma explos\u00e3o de sabor intenso. Perfeitas para um impulso de energia natural a qualquer hora do dia.<\/p>\n<p class=\"p1\">Naturalmente incr\u00edvel!<\/p>\n<p class=\"p1\">Conservar em local fresco e seco, ao abrigo da luz solar direta.<\/p>\n","protected":false},"excerpt":{"rendered":"<p class=\"p1\">Barra Energ\u00e9tica Org\u00e2nica Crua de Cacau da Benefeat. (35g)<\/p>\n","protected":false},"featured_media":76,"comment_status":"open","ping_status":"closed","template":"","meta":[],"product_brand":[24],"product_cat":[64,27],"product_tag":[65,53,51,45,48,42],"class_list":{"0":"post-177","1":"product","2":"type-product","3":"status-publish","4":"has-post-thumbnail","6":"product_brand-benefeat","7":"product_cat-barritas","8":"product_cat-doces","9":"product_tag-cocoa","10":"product_tag-chocolate","11":"product_tag-sweet","12":"product_tag-gluten-free","13":"product_tag-portugal","14":"product_tag-snack","16":"first","17":"instock","18":"purchasable","19":"product-type-simple"},"jetpack_sharing_enabled":true,"_links":{"self":[{"href":"https:\/\/snapoutofmeat.com\/pt_pt\/wp-json\/wp\/v2\/product\/177","targetHints":{"allow":["GET"]}}],"collection":[{"href":"https:\/\/snapoutofmeat.com\/pt_pt\/wp-json\/wp\/v2\/product"}],"about":[{"href":"https:\/\/snapoutofmeat.com\/pt_pt\/wp-json\/wp\/v2\/types\/product"}],"replies":[{"embeddable":true,"href":"https:\/\/snapoutofmeat.com\/pt_pt\/wp-json\/wp\/v2\/comments?post=177"}],"wp:featuredmedia":[{"embeddable":true,"href":"https:\/\/snapoutofmeat.com\/pt_pt\/wp-json\/wp\/v2\/media\/76"}],"wp:attachment":[{"href":"https:\/\/snapoutofmeat.com\/pt_pt\/wp-json\/wp\/v2\/media?parent=177"}],"wp:term":[{"taxonomy":"product_brand","embeddable":true,"href":"https:\/\/snapoutofmeat.com\/pt_pt\/wp-json\/wp\/v2\/product_brand?post=177"},{"taxonomy":"product_cat","embeddable":true,"href":"https:\/\/snapoutofmeat.com\/pt_pt\/wp-json\/wp\/v2\/product_cat?post=177"},{"taxonomy":"product_tag","embeddable":true,"href":"https:\/\/snapoutofmeat.com\/pt_pt\/wp-json\/wp\/v2\/product_tag?post=177"}],"curies":[{"name":"wp","href":"https:\/\/api.w.org\/{rel}","templated":true}]}}