{"id":184,"date":"2025-08-29T20:05:26","date_gmt":"2025-08-29T20:05:26","guid":{"rendered":"https:\/\/navajowhite-ibis-676531.hostingersite.com\/?post_type=product&#038;p=184"},"modified":"2026-04-01T11:28:07","modified_gmt":"2026-04-01T11:28:07","slug":"barras-energeticas-benefeat-sabor-coco-e-banana","status":"publish","type":"product","link":"https:\/\/snapoutofmeat.com\/pt_pt\/product\/barras-energeticas-benefeat-sabor-coco-e-banana\/","title":{"rendered":"Barra Energ\u00e9tica de C\u00f4co e Banana &#8211; Benefeat"},"content":{"rendered":"<p class=\"p1\">Barra Energ\u00e9tica Org\u00e2nica Crua da Benefeat &#8211; C\u00f4co e Banana. 100% vegan, sem gl\u00faten, biol\u00f3gicas e sem a\u00e7\u00facares adicionados.<\/p>\n<p class=\"p1\">O doce natural da banana combina perfeitamente com a cremosidade ex\u00f3tica do c\u00f4co, criando um snack irresist\u00edvel e saud\u00e1vel. Ricas em fibra, s\u00e3o ideais para uma pausa energ\u00e9tica durante o dia.<\/p>\n<p class=\"p1\">Naturalmente incr\u00edvel!<\/p>\n<p class=\"p1\">Conservar em local fresco e seco, ao abrigo da luz solar direta.<\/p>\n","protected":false},"excerpt":{"rendered":"<p class=\"p1\">Barra Energ\u00e9tica Org\u00e2nica Crua de C\u00f4co e Banana da Benefeat. (35g)<\/p>\n","protected":false},"featured_media":188,"comment_status":"open","ping_status":"closed","template":"","meta":[],"product_brand":[24],"product_cat":[64,27],"product_tag":[51,45,48,42],"class_list":{"0":"post-184","1":"product","2":"type-product","3":"status-publish","4":"has-post-thumbnail","6":"product_brand-benefeat","7":"product_cat-barritas","8":"product_cat-doces","9":"product_tag-sweet","10":"product_tag-gluten-free","11":"product_tag-portugal","12":"product_tag-snack","14":"first","15":"instock","16":"purchasable","17":"product-type-simple"},"jetpack_sharing_enabled":true,"_links":{"self":[{"href":"https:\/\/snapoutofmeat.com\/pt_pt\/wp-json\/wp\/v2\/product\/184","targetHints":{"allow":["GET"]}}],"collection":[{"href":"https:\/\/snapoutofmeat.com\/pt_pt\/wp-json\/wp\/v2\/product"}],"about":[{"href":"https:\/\/snapoutofmeat.com\/pt_pt\/wp-json\/wp\/v2\/types\/product"}],"replies":[{"embeddable":true,"href":"https:\/\/snapoutofmeat.com\/pt_pt\/wp-json\/wp\/v2\/comments?post=184"}],"wp:featuredmedia":[{"embeddable":true,"href":"https:\/\/snapoutofmeat.com\/pt_pt\/wp-json\/wp\/v2\/media\/188"}],"wp:attachment":[{"href":"https:\/\/snapoutofmeat.com\/pt_pt\/wp-json\/wp\/v2\/media?parent=184"}],"wp:term":[{"taxonomy":"product_brand","embeddable":true,"href":"https:\/\/snapoutofmeat.com\/pt_pt\/wp-json\/wp\/v2\/product_brand?post=184"},{"taxonomy":"product_cat","embeddable":true,"href":"https:\/\/snapoutofmeat.com\/pt_pt\/wp-json\/wp\/v2\/product_cat?post=184"},{"taxonomy":"product_tag","embeddable":true,"href":"https:\/\/snapoutofmeat.com\/pt_pt\/wp-json\/wp\/v2\/product_tag?post=184"}],"curies":[{"name":"wp","href":"https:\/\/api.w.org\/{rel}","templated":true}]}}