{"id":186,"date":"2025-08-29T20:06:23","date_gmt":"2025-08-29T20:06:23","guid":{"rendered":"https:\/\/navajowhite-ibis-676531.hostingersite.com\/?post_type=product&#038;p=186"},"modified":"2025-10-06T15:07:08","modified_gmt":"2025-10-06T15:07:08","slug":"barra-energetica-benefeat-amendoim","status":"publish","type":"product","link":"https:\/\/snapoutofmeat.com\/pt_pt\/product\/barra-energetica-benefeat-amendoim\/","title":{"rendered":"Barra Energ\u00e9tica Benefeat &#8211; Amendoim"},"content":{"rendered":"<p class=\"p1\">Barra Energ\u00e9tica Org\u00e2nica Crua da Benefeat &#8211; Amendoim. O sabor rico e envolvente do amendoim oferece uma fonte natural de energia e prote\u00edna de alta qualidade. 100% vegan, biol\u00f3gicas, sem gl\u00faten e sem a\u00e7\u00facares adicionados &#8211; a for\u00e7a da natureza \u00e0 dist\u00e2ncia de uma trinca.<\/p>\n<p class=\"p1\">Estas barras cruas preservam todos os nutrientes essenciais, proporcionando um snack saud\u00e1vel e saciante. Ricas em fibra, s\u00e3o perfeitas para quem procura uma alternativa nutritiva e saborosa.<\/p>\n<p class=\"p1\">Naturalmente incr\u00edvel!<\/p>\n<p class=\"p1\">Conservar em local fresco e seco, ao abrigo da luz solar direta.<\/p>\n","protected":false},"excerpt":{"rendered":"<p class=\"p1\">Barra Energ\u00e9tica Org\u00e2nica Crua de Amendoim da Benefeat. (35g)<\/p>\n","protected":false},"featured_media":191,"comment_status":"open","ping_status":"closed","template":"","meta":[],"product_brand":[24],"product_cat":[64,27],"product_tag":[60,51,45,48,42],"class_list":{"0":"post-186","1":"product","2":"type-product","3":"status-publish","4":"has-post-thumbnail","6":"product_brand-benefeat","7":"product_cat-barritas","8":"product_cat-doces","9":"product_tag-peanuts","10":"product_tag-sweet","11":"product_tag-gluten-free","12":"product_tag-portugal","13":"product_tag-snack","15":"first","16":"outofstock","17":"sale","18":"purchasable","19":"product-type-simple"},"jetpack_sharing_enabled":true,"_links":{"self":[{"href":"https:\/\/snapoutofmeat.com\/pt_pt\/wp-json\/wp\/v2\/product\/186","targetHints":{"allow":["GET"]}}],"collection":[{"href":"https:\/\/snapoutofmeat.com\/pt_pt\/wp-json\/wp\/v2\/product"}],"about":[{"href":"https:\/\/snapoutofmeat.com\/pt_pt\/wp-json\/wp\/v2\/types\/product"}],"replies":[{"embeddable":true,"href":"https:\/\/snapoutofmeat.com\/pt_pt\/wp-json\/wp\/v2\/comments?post=186"}],"wp:featuredmedia":[{"embeddable":true,"href":"https:\/\/snapoutofmeat.com\/pt_pt\/wp-json\/wp\/v2\/media\/191"}],"wp:attachment":[{"href":"https:\/\/snapoutofmeat.com\/pt_pt\/wp-json\/wp\/v2\/media?parent=186"}],"wp:term":[{"taxonomy":"product_brand","embeddable":true,"href":"https:\/\/snapoutofmeat.com\/pt_pt\/wp-json\/wp\/v2\/product_brand?post=186"},{"taxonomy":"product_cat","embeddable":true,"href":"https:\/\/snapoutofmeat.com\/pt_pt\/wp-json\/wp\/v2\/product_cat?post=186"},{"taxonomy":"product_tag","embeddable":true,"href":"https:\/\/snapoutofmeat.com\/pt_pt\/wp-json\/wp\/v2\/product_tag?post=186"}],"curies":[{"name":"wp","href":"https:\/\/api.w.org\/{rel}","templated":true}]}}