{"id":194,"date":"2025-08-29T20:50:33","date_gmt":"2025-08-29T20:50:33","guid":{"rendered":"https:\/\/navajowhite-ibis-676531.hostingersite.com\/?post_type=product&#038;p=194"},"modified":"2026-04-01T12:01:27","modified_gmt":"2026-04-01T12:01:27","slug":"uhhmami-baconish","status":"publish","type":"product","link":"https:\/\/snapoutofmeat.com\/pt_pt\/product\/uhhmami-baconish\/","title":{"rendered":"Bacon&#8217;ish Tempero Sabor Bacon &#8211; Uhhmami"},"content":{"rendered":"<p class=\"p1\">Revolucione a sua cozinha com o Uhhmami Bacon&#8217;ish, o sabor em p\u00f3 que recria magistralmente o sabor caracter\u00edstico do bacon sem qualquer ingrediente de origem animal. Desenvolvido pelo chef Michelin Frank Lantz, este tempero inovador oferece um perfil de sabor encorpado, seco e fumado que transformar\u00e1 os seus pratos.<\/p>\n<p class=\"p1\">Vers\u00e1til e f\u00e1cil de usar, \u00e9 perfeito como alternativa ao bacon em pat\u00eas, saladas, massas ou ensopados. Tamb\u00e9m funciona excepcionalmente bem como cobertura saborosa, polvilhado sobre pratos quentes, batatas assadas ou pipocas.<\/p>\n<p class=\"p1\">Utilize em propor\u00e7\u00e3o de 1-5% do volume total do produto final de acordo com a intensidade de sabor desejada.<\/p>\n<p class=\"p1\">A Uhhmami demonstra que a alimenta\u00e7\u00e3o \u00e0 base de plantas pode ser incrivelmente saborosa, reinventando sabores cl\u00e1ssicos com ingredientes frescos, org\u00e2nicos e sem crueldade.<\/p>\n<div class=\"mb-2\">\n<p class=\"f_t_base f_t_color f_t_paragraphSansRegular\">Armazenamento: Produto de longa durabilidade<\/p>\n<\/div>\n","protected":false},"excerpt":{"rendered":"<p class=\"p1\">Uhhmami Bacon&#8217;ish \u00e9 um tempero em p\u00f3 com sabor a bacon.<\/p>\n<p>Utilize em propor\u00e7\u00e3o de 1-5% do volume total do produto final de acordo com a intensidade de sabor desejada.<\/p>\n","protected":false},"featured_media":195,"comment_status":"open","ping_status":"closed","template":"","meta":[],"product_brand":[66],"product_cat":[35,28],"product_tag":[50,63,52],"class_list":{"0":"post-194","1":"product","2":"type-product","3":"status-publish","4":"has-post-thumbnail","6":"product_brand-uhhmami","7":"product_cat-outros-salgados","8":"product_cat-salgados","9":"product_tag-denmark","10":"product_tag-cooking","11":"product_tag-salty","13":"first","14":"instock","15":"purchasable","16":"product-type-variable","17":"has-default-attributes"},"jetpack_sharing_enabled":true,"_links":{"self":[{"href":"https:\/\/snapoutofmeat.com\/pt_pt\/wp-json\/wp\/v2\/product\/194","targetHints":{"allow":["GET"]}}],"collection":[{"href":"https:\/\/snapoutofmeat.com\/pt_pt\/wp-json\/wp\/v2\/product"}],"about":[{"href":"https:\/\/snapoutofmeat.com\/pt_pt\/wp-json\/wp\/v2\/types\/product"}],"replies":[{"embeddable":true,"href":"https:\/\/snapoutofmeat.com\/pt_pt\/wp-json\/wp\/v2\/comments?post=194"}],"wp:featuredmedia":[{"embeddable":true,"href":"https:\/\/snapoutofmeat.com\/pt_pt\/wp-json\/wp\/v2\/media\/195"}],"wp:attachment":[{"href":"https:\/\/snapoutofmeat.com\/pt_pt\/wp-json\/wp\/v2\/media?parent=194"}],"wp:term":[{"taxonomy":"product_brand","embeddable":true,"href":"https:\/\/snapoutofmeat.com\/pt_pt\/wp-json\/wp\/v2\/product_brand?post=194"},{"taxonomy":"product_cat","embeddable":true,"href":"https:\/\/snapoutofmeat.com\/pt_pt\/wp-json\/wp\/v2\/product_cat?post=194"},{"taxonomy":"product_tag","embeddable":true,"href":"https:\/\/snapoutofmeat.com\/pt_pt\/wp-json\/wp\/v2\/product_tag?post=194"}],"curies":[{"name":"wp","href":"https:\/\/api.w.org\/{rel}","templated":true}]}}