{"id":218,"date":"2025-08-29T21:08:31","date_gmt":"2025-08-29T21:08:31","guid":{"rendered":"https:\/\/navajowhite-ibis-676531.hostingersite.com\/?post_type=product&#038;p=218"},"modified":"2026-04-01T11:58:50","modified_gmt":"2026-04-01T11:58:50","slug":"uhhmami-oceanish","status":"publish","type":"product","link":"https:\/\/snapoutofmeat.com\/pt_pt\/product\/uhhmami-oceanish\/","title":{"rendered":"Ocean&#8217;ish Tempero Sabor Peixe &#8211; Uhhmami"},"content":{"rendered":"<p class=\"p1\">Um beijo culin\u00e1rio do oceano, este \u00e9 o melhor caldo para quem aprecia os sabores do marisco mas n\u00e3o quer prejudicar os peixinhos! Deixe que uma onda de sabores ricos e salgados varra sobre si enquanto se delicia com caldos, sopas e caldos infundidos com este caldo de peixe vegan.<\/p>\n<p class=\"p1\">Utilize 2 colheres de sopa (aprox. 20 g) por litro\/kg de alimento preparado. Adicionar directamente no l\u00edquido, no produto ou no prato acabado.<\/p>\n<p class=\"p1\">A Uhhmami continua a demonstrar que a culin\u00e1ria vegana pode ser incrivelmente vers\u00e1til e saborosa, oferecendo alternativas \u00e9ticas que n\u00e3o comprometem o prazer gastron\u00f3mico.<\/p>\n<div class=\"mb-2\">\n<p class=\"f_t_base f_t_color f_t_paragraphSansRegular\">Armazenamento: Produto de longa durabilidade<\/p>\n<\/div>\n","protected":false},"excerpt":{"rendered":"<p class=\"p1\">Uhhmami Ocean&#8217;ish \u00e9 um tempero em p\u00f3 com sabor a frutos do mar.<\/p>\n<p class=\"p1\">Utilize 2 colheres de sopa (aprox. 20 g) por litro\/kg de alimento preparado. Adicionar directamente no l\u00edquido, no produto ou no prato acabado.<\/p>\n","protected":false},"featured_media":223,"comment_status":"open","ping_status":"closed","template":"","meta":[],"product_brand":[66],"product_cat":[35,28],"product_tag":[50,63,52],"class_list":{"0":"post-218","1":"product","2":"type-product","3":"status-publish","4":"has-post-thumbnail","6":"product_brand-uhhmami","7":"product_cat-outros-salgados","8":"product_cat-salgados","9":"product_tag-denmark","10":"product_tag-cooking","11":"product_tag-salty","13":"first","14":"instock","15":"purchasable","16":"product-type-variable","17":"has-default-attributes"},"jetpack_sharing_enabled":true,"_links":{"self":[{"href":"https:\/\/snapoutofmeat.com\/pt_pt\/wp-json\/wp\/v2\/product\/218","targetHints":{"allow":["GET"]}}],"collection":[{"href":"https:\/\/snapoutofmeat.com\/pt_pt\/wp-json\/wp\/v2\/product"}],"about":[{"href":"https:\/\/snapoutofmeat.com\/pt_pt\/wp-json\/wp\/v2\/types\/product"}],"replies":[{"embeddable":true,"href":"https:\/\/snapoutofmeat.com\/pt_pt\/wp-json\/wp\/v2\/comments?post=218"}],"wp:featuredmedia":[{"embeddable":true,"href":"https:\/\/snapoutofmeat.com\/pt_pt\/wp-json\/wp\/v2\/media\/223"}],"wp:attachment":[{"href":"https:\/\/snapoutofmeat.com\/pt_pt\/wp-json\/wp\/v2\/media?parent=218"}],"wp:term":[{"taxonomy":"product_brand","embeddable":true,"href":"https:\/\/snapoutofmeat.com\/pt_pt\/wp-json\/wp\/v2\/product_brand?post=218"},{"taxonomy":"product_cat","embeddable":true,"href":"https:\/\/snapoutofmeat.com\/pt_pt\/wp-json\/wp\/v2\/product_cat?post=218"},{"taxonomy":"product_tag","embeddable":true,"href":"https:\/\/snapoutofmeat.com\/pt_pt\/wp-json\/wp\/v2\/product_tag?post=218"}],"curies":[{"name":"wp","href":"https:\/\/api.w.org\/{rel}","templated":true}]}}