{"id":226,"date":"2025-08-29T21:10:57","date_gmt":"2025-08-29T21:10:57","guid":{"rendered":"https:\/\/navajowhite-ibis-676531.hostingersite.com\/?post_type=product&#038;p=226"},"modified":"2026-04-01T11:58:08","modified_gmt":"2026-04-01T11:58:08","slug":"uhhmami-truffleish","status":"publish","type":"product","link":"https:\/\/snapoutofmeat.com\/pt_pt\/product\/uhhmami-truffleish\/","title":{"rendered":"Truffle&#8217;ish Tempero Sabor Trufa &#8211; Uhhmami"},"content":{"rendered":"<p data-start=\"2569\" data-end=\"2734\">Truffle\u2019ish pode servir como substituto ou suplemento da trufa. \u00c9 excelente em massas, risottos e recheios, assim como para marinar legumes.<\/p>\n<p data-start=\"2736\" data-end=\"2869\">Polvilhe sobre os seus pratos para acrescentar aroma e sabor. Experimente em maionese de trufa ou em molhos para um car\u00e1cter extra.<\/p>\n<p data-start=\"2871\" data-end=\"2981\">Utilize em propor\u00e7\u00e3o de 1\u20135% do volume total do produto final de acordo com a intensidade de sabor desejada.<\/p>\n<p class=\"p1\">A Uhhmami demonstra que a alimenta\u00e7\u00e3o \u00e0 base de plantas pode ser incrivelmente saborosa, reinventando sabores cl\u00e1ssicos com ingredientes frescos, org\u00e2nicos e sem crueldade.<\/p>\n<div class=\"mb-2\">\n<p class=\"f_t_base f_t_color f_t_paragraphSansRegular\">Armazenamento: Produto de longa durabilidade<\/p>\n<\/div>\n","protected":false},"excerpt":{"rendered":"<p class=\"p1\">Uhhmami Truffle\u2019ish \u00e9 um tempero em p\u00f3 com sabor a trufa. Utilize em propor\u00e7\u00e3o de 1\u20135% do volume total do produto final de acordo com a intensidade de sabor desejada.<\/p>\n","protected":false},"featured_media":233,"comment_status":"open","ping_status":"closed","template":"","meta":[],"product_brand":[66],"product_cat":[35,28],"product_tag":[50,63,52],"class_list":{"0":"post-226","1":"product","2":"type-product","3":"status-publish","4":"has-post-thumbnail","6":"product_brand-uhhmami","7":"product_cat-outros-salgados","8":"product_cat-salgados","9":"product_tag-denmark","10":"product_tag-cooking","11":"product_tag-salty","13":"first","14":"instock","15":"sale","16":"purchasable","17":"product-type-variable","18":"has-default-attributes"},"jetpack_sharing_enabled":true,"_links":{"self":[{"href":"https:\/\/snapoutofmeat.com\/pt_pt\/wp-json\/wp\/v2\/product\/226","targetHints":{"allow":["GET"]}}],"collection":[{"href":"https:\/\/snapoutofmeat.com\/pt_pt\/wp-json\/wp\/v2\/product"}],"about":[{"href":"https:\/\/snapoutofmeat.com\/pt_pt\/wp-json\/wp\/v2\/types\/product"}],"replies":[{"embeddable":true,"href":"https:\/\/snapoutofmeat.com\/pt_pt\/wp-json\/wp\/v2\/comments?post=226"}],"wp:featuredmedia":[{"embeddable":true,"href":"https:\/\/snapoutofmeat.com\/pt_pt\/wp-json\/wp\/v2\/media\/233"}],"wp:attachment":[{"href":"https:\/\/snapoutofmeat.com\/pt_pt\/wp-json\/wp\/v2\/media?parent=226"}],"wp:term":[{"taxonomy":"product_brand","embeddable":true,"href":"https:\/\/snapoutofmeat.com\/pt_pt\/wp-json\/wp\/v2\/product_brand?post=226"},{"taxonomy":"product_cat","embeddable":true,"href":"https:\/\/snapoutofmeat.com\/pt_pt\/wp-json\/wp\/v2\/product_cat?post=226"},{"taxonomy":"product_tag","embeddable":true,"href":"https:\/\/snapoutofmeat.com\/pt_pt\/wp-json\/wp\/v2\/product_tag?post=226"}],"curies":[{"name":"wp","href":"https:\/\/api.w.org\/{rel}","templated":true}]}}