{"id":235,"date":"2025-08-29T21:13:19","date_gmt":"2025-08-29T21:13:19","guid":{"rendered":"https:\/\/navajowhite-ibis-676531.hostingersite.com\/?post_type=product&#038;p=235"},"modified":"2026-01-20T19:22:51","modified_gmt":"2026-01-20T19:22:51","slug":"uhhmami-beefish","status":"publish","type":"product","link":"https:\/\/snapoutofmeat.com\/pt_pt\/product\/uhhmami-beefish\/","title":{"rendered":"Beef&#8217;ish Tempero Sabor Carne de Vaca &#8211; Uhhmami"},"content":{"rendered":"<p class=\"p1\">Beef&#8217;ish \u00e9 um caldo \u00e0 base de plantas saboroso e encorpado. Tem um sabor profundo e \u00e9 \u00f3timo em pratos onde se quer acrescentar um sabor saboroso e rico. Utilize-o em alimentos cozidos, bem como em sopas e caldos. Essencial em receitas cl\u00e1ssicas e novas.<\/p>\n<p class=\"p1\">Utilize 2 colheres de sopa (aprox. 20 g) por litro\/kg de alimento preparado. Adicionar directamente no l\u00edquido, no produto ou no prato acabado.<\/p>\n<p class=\"p1\">A Uhhmami continua a demonstrar que a culin\u00e1ria vegana pode ser incrivelmente vers\u00e1til e saborosa, oferecendo alternativas \u00e9ticas que n\u00e3o comprometem o prazer gastron\u00f3mico.<\/p>\n<div class=\"mb-2\">\n<p class=\"f_t_base f_t_color f_t_paragraphSansRegular\">Armazenamento: Produto de longa durabilidade<\/p>\n<\/div>\n","protected":false},"excerpt":{"rendered":"<p class=\"p1\">Uhhmami Beef&#8217;ish \u00e9 um tempero em p\u00f3 com sabor a carne de vaca.<\/p>\n<p class=\"p1\">Utilize 2 colheres de sopa (aprox. 20 g) por litro\/kg de alimento preparado. Adicionar directamente no l\u00edquido, no produto ou no prato acabado.<\/p>\n","protected":false},"featured_media":238,"comment_status":"open","ping_status":"closed","template":"","meta":[],"product_brand":[66],"product_cat":[35,28],"product_tag":[50,63,52],"class_list":{"0":"post-235","1":"product","2":"type-product","3":"status-publish","4":"has-post-thumbnail","6":"product_brand-uhhmami","7":"product_cat-outros-salgados","8":"product_cat-salgados","9":"product_tag-denmark","10":"product_tag-cooking","11":"product_tag-salty","13":"first","14":"outofstock","15":"purchasable","16":"product-type-variable","17":"has-default-attributes"},"jetpack_sharing_enabled":true,"_links":{"self":[{"href":"https:\/\/snapoutofmeat.com\/pt_pt\/wp-json\/wp\/v2\/product\/235","targetHints":{"allow":["GET"]}}],"collection":[{"href":"https:\/\/snapoutofmeat.com\/pt_pt\/wp-json\/wp\/v2\/product"}],"about":[{"href":"https:\/\/snapoutofmeat.com\/pt_pt\/wp-json\/wp\/v2\/types\/product"}],"replies":[{"embeddable":true,"href":"https:\/\/snapoutofmeat.com\/pt_pt\/wp-json\/wp\/v2\/comments?post=235"}],"wp:featuredmedia":[{"embeddable":true,"href":"https:\/\/snapoutofmeat.com\/pt_pt\/wp-json\/wp\/v2\/media\/238"}],"wp:attachment":[{"href":"https:\/\/snapoutofmeat.com\/pt_pt\/wp-json\/wp\/v2\/media?parent=235"}],"wp:term":[{"taxonomy":"product_brand","embeddable":true,"href":"https:\/\/snapoutofmeat.com\/pt_pt\/wp-json\/wp\/v2\/product_brand?post=235"},{"taxonomy":"product_cat","embeddable":true,"href":"https:\/\/snapoutofmeat.com\/pt_pt\/wp-json\/wp\/v2\/product_cat?post=235"},{"taxonomy":"product_tag","embeddable":true,"href":"https:\/\/snapoutofmeat.com\/pt_pt\/wp-json\/wp\/v2\/product_tag?post=235"}],"curies":[{"name":"wp","href":"https:\/\/api.w.org\/{rel}","templated":true}]}}