{"id":244,"date":"2025-08-29T21:16:12","date_gmt":"2025-08-29T21:16:12","guid":{"rendered":"https:\/\/navajowhite-ibis-676531.hostingersite.com\/?post_type=product&#038;p=244"},"modified":"2026-04-01T11:57:00","modified_gmt":"2026-04-01T11:57:00","slug":"uhhmami-vegetables","status":"publish","type":"product","link":"https:\/\/snapoutofmeat.com\/pt_pt\/product\/uhhmami-vegetables\/","title":{"rendered":"Vegetables Tempero Sabor Legumes &#8211; Uhhmami"},"content":{"rendered":"<p data-start=\"373\" data-end=\"547\">Uma op\u00e7\u00e3o bem equilibrada para cozinhar e saborear, este caldo vegetal em p\u00f3 \u00e9 infundido com uma variedade das melhores ervas e vegetais da natureza.<\/p>\n<p data-start=\"549\" data-end=\"699\">Ideal para dar mais vida a sopas, guisados e risottos, complementa praticamente qualquer receita que exija sabor encorpado com um toque de frescura.<\/p>\n<p class=\"p1\">A Uhhmami continua a demonstrar que a culin\u00e1ria vegana pode ser incrivelmente vers\u00e1til e saborosa, oferecendo alternativas \u00e9ticas que n\u00e3o comprometem o prazer gastron\u00f3mico.<\/p>\n<div class=\"mb-2\">\n<p class=\"f_t_base f_t_color f_t_paragraphSansRegular\">Armazenamento: Produto de longa durabilidade<\/p>\n<\/div>\n","protected":false},"excerpt":{"rendered":"<p class=\"p1\">Uhhmami Vegetables \u00e9 um tempero em p\u00f3 com sabor a legumes. Um cl\u00e1ssico reinventado para ser utilizado \u00e0 sua moda.<\/p>\n","protected":false},"featured_media":250,"comment_status":"open","ping_status":"closed","template":"","meta":[],"product_brand":[66],"product_cat":[35,28],"product_tag":[50,63,52],"class_list":{"0":"post-244","1":"product","2":"type-product","3":"status-publish","4":"has-post-thumbnail","6":"product_brand-uhhmami","7":"product_cat-outros-salgados","8":"product_cat-salgados","9":"product_tag-denmark","10":"product_tag-cooking","11":"product_tag-salty","13":"first","14":"instock","15":"purchasable","16":"product-type-variable","17":"has-default-attributes"},"jetpack_sharing_enabled":true,"_links":{"self":[{"href":"https:\/\/snapoutofmeat.com\/pt_pt\/wp-json\/wp\/v2\/product\/244","targetHints":{"allow":["GET"]}}],"collection":[{"href":"https:\/\/snapoutofmeat.com\/pt_pt\/wp-json\/wp\/v2\/product"}],"about":[{"href":"https:\/\/snapoutofmeat.com\/pt_pt\/wp-json\/wp\/v2\/types\/product"}],"replies":[{"embeddable":true,"href":"https:\/\/snapoutofmeat.com\/pt_pt\/wp-json\/wp\/v2\/comments?post=244"}],"wp:featuredmedia":[{"embeddable":true,"href":"https:\/\/snapoutofmeat.com\/pt_pt\/wp-json\/wp\/v2\/media\/250"}],"wp:attachment":[{"href":"https:\/\/snapoutofmeat.com\/pt_pt\/wp-json\/wp\/v2\/media?parent=244"}],"wp:term":[{"taxonomy":"product_brand","embeddable":true,"href":"https:\/\/snapoutofmeat.com\/pt_pt\/wp-json\/wp\/v2\/product_brand?post=244"},{"taxonomy":"product_cat","embeddable":true,"href":"https:\/\/snapoutofmeat.com\/pt_pt\/wp-json\/wp\/v2\/product_cat?post=244"},{"taxonomy":"product_tag","embeddable":true,"href":"https:\/\/snapoutofmeat.com\/pt_pt\/wp-json\/wp\/v2\/product_tag?post=244"}],"curies":[{"name":"wp","href":"https:\/\/api.w.org\/{rel}","templated":true}]}}