{"id":252,"date":"2025-08-29T21:19:43","date_gmt":"2025-08-29T21:19:43","guid":{"rendered":"https:\/\/navajowhite-ibis-676531.hostingersite.com\/?post_type=product&#038;p=252"},"modified":"2026-04-01T11:55:57","modified_gmt":"2026-04-01T11:55:57","slug":"uhhmami-chickenish","status":"publish","type":"product","link":"https:\/\/snapoutofmeat.com\/pt_pt\/product\/uhhmami-chickenish\/","title":{"rendered":"Chicken&#8217;ish Tempero Sabor Frango &#8211; Uhhmami"},"content":{"rendered":"<p class=\"p1\">Uhhmami Chicken&#8217;ish \u00e9 o sabor delicado da quinta. Desenvolvido pelo chef Michelin Frank Lantz, \u00e9 uma alternativa limpa e \u00e0 base de plantas ao tradicional caldo de frango, que pode ser utilizado em molhos e sopas.<\/p>\n<p class=\"p1\">Use o Chicken&#8217;ish nos recheios das tuas sandes para um sabor elevado ou em wok e ramen. Funciona bem como um tempero para verdes onde mais sabor e plenitude.<\/p>\n<p class=\"p1\">Utilize 2 colheres de sopa (aprox. 20 g) por litro\/kg de alimento preparado. Adicionar directamente no l\u00edquido, no produto ou no prato acabado.<\/p>\n<p class=\"p1\">A Uhhmami demonstra que a alimenta\u00e7\u00e3o \u00e0 base de plantas pode ser incrivelmente saborosa, reinventando sabores cl\u00e1ssicos com ingredientes frescos, org\u00e2nicos e sem crueldade.<\/p>\n<div class=\"mb-2\">\n<p class=\"f_t_base f_t_color f_t_paragraphSansRegular\">Armazenamento: Produto de longa durabilidade<\/p>\n<\/div>\n","protected":false},"excerpt":{"rendered":"<p class=\"p1\">Uhhmami Chicken&#8217;ish \u00e9 um tempero em p\u00f3 com sabor a frango.<\/p>\n<p class=\"p1\">Utilize 2 colheres de sopa (aprox. 20 g) por litro\/kg de alimento preparado. Adicionar directamente no l\u00edquido, no produto ou no prato acabado.<\/p>\n<p class=\"p1\">\n","protected":false},"featured_media":256,"comment_status":"open","ping_status":"closed","template":"","meta":[],"product_brand":[66],"product_cat":[35,28],"product_tag":[50,63,52],"class_list":{"0":"post-252","1":"product","2":"type-product","3":"status-publish","4":"has-post-thumbnail","6":"product_brand-uhhmami","7":"product_cat-outros-salgados","8":"product_cat-salgados","9":"product_tag-denmark","10":"product_tag-cooking","11":"product_tag-salty","13":"first","14":"instock","15":"purchasable","16":"product-type-variable","17":"has-default-attributes"},"jetpack_sharing_enabled":true,"_links":{"self":[{"href":"https:\/\/snapoutofmeat.com\/pt_pt\/wp-json\/wp\/v2\/product\/252","targetHints":{"allow":["GET"]}}],"collection":[{"href":"https:\/\/snapoutofmeat.com\/pt_pt\/wp-json\/wp\/v2\/product"}],"about":[{"href":"https:\/\/snapoutofmeat.com\/pt_pt\/wp-json\/wp\/v2\/types\/product"}],"replies":[{"embeddable":true,"href":"https:\/\/snapoutofmeat.com\/pt_pt\/wp-json\/wp\/v2\/comments?post=252"}],"wp:featuredmedia":[{"embeddable":true,"href":"https:\/\/snapoutofmeat.com\/pt_pt\/wp-json\/wp\/v2\/media\/256"}],"wp:attachment":[{"href":"https:\/\/snapoutofmeat.com\/pt_pt\/wp-json\/wp\/v2\/media?parent=252"}],"wp:term":[{"taxonomy":"product_brand","embeddable":true,"href":"https:\/\/snapoutofmeat.com\/pt_pt\/wp-json\/wp\/v2\/product_brand?post=252"},{"taxonomy":"product_cat","embeddable":true,"href":"https:\/\/snapoutofmeat.com\/pt_pt\/wp-json\/wp\/v2\/product_cat?post=252"},{"taxonomy":"product_tag","embeddable":true,"href":"https:\/\/snapoutofmeat.com\/pt_pt\/wp-json\/wp\/v2\/product_tag?post=252"}],"curies":[{"name":"wp","href":"https:\/\/api.w.org\/{rel}","templated":true}]}}