{"id":264,"date":"2025-08-30T09:12:18","date_gmt":"2025-08-30T09:12:18","guid":{"rendered":"https:\/\/navajowhite-ibis-676531.hostingersite.com\/?post_type=product&#038;p=264"},"modified":"2026-04-01T11:23:47","modified_gmt":"2026-04-01T11:23:47","slug":"bolachas-lady-joseph-sal-marinho-da-bretanha-e-azeite","status":"publish","type":"product","link":"https:\/\/snapoutofmeat.com\/pt_pt\/product\/bolachas-lady-joseph-sal-marinho-da-bretanha-e-azeite\/","title":{"rendered":"Bolachas Sal Marinho da Bretanha e Azeite &#8211; Lady Joseph"},"content":{"rendered":"<p class=\"p1\">Deliciosas bolachas artesanais de sal marinho. Extra finas e crocantes, sem aditivos ou corantes. Vegana, natural, feita com pouqu\u00edssimos ingredientes, mas muito sabor.<\/p>\n<p class=\"p1\">Origem do sal marinho: Gu\u00e9rande (Fran\u00e7a)<\/p>\n<p class=\"p1\">O sal de Gu\u00e9rande \u00e9 um dos sais de mais alta qualidade do mundo. Com uma cor acinzentada inconfund\u00edvel, este sal vem de Gu\u00e9rande, uma pen\u00ednsula da qual recebe o nome e que est\u00e1 localizada na costa atl\u00e2ntica da regi\u00e3o hist\u00f3rica da Bretanha (Fran\u00e7a).<\/p>\n<p class=\"p1\">Lady Joseph \u00e9 uma marca de biscoitos e cookies artesanais de origem espanhola e inspira\u00e7\u00e3o francesa.<\/p>\n<div class=\"mb-2\">\n<div class=\"wp-block-woocommerce-product-collection alignwide is-layout-flow wp-block-product-collection-is-layout-flow\" data-wp-context=\"{&quot;notices&quot;:[],&quot;collection&quot;:&quot;woocommerce\\\/product-collection\\\/related&quot;}\" data-wp-init=\"callbacks.onRender\" data-wp-interactive=\"woocommerce\/product-collection\" data-wp-router-region=\"wc-product-collection-0\" data-__private-preview-state=\"{&quot;isPreview&quot;:true,&quot;previewMessage&quot;:&quot;Actual products will vary depending on the product being viewed.&quot;}\" data-block-name=\"woocommerce\/product-collection\" data-collection=\"woocommerce\/product-collection\/related\" data-dimensions=\"{&quot;widthType&quot;:&quot;fill&quot;}\" data-display-layout=\"{&quot;type&quot;:&quot;flex&quot;,&quot;columns&quot;:5,&quot;shrinkColumns&quot;:false}\" data-hide-controls=\"[&quot;inherit&quot;]\" data-query-context-includes=\"[&quot;collection&quot;]\" data-query-id=\"0\" data-query=\"{&quot;perPage&quot;:5,&quot;pages&quot;:1,&quot;offset&quot;:0,&quot;postType&quot;:&quot;product&quot;,&quot;order&quot;:&quot;asc&quot;,&quot;orderBy&quot;:&quot;title&quot;,&quot;search&quot;:&quot;&quot;,&quot;exclude&quot;:[],&quot;inherit&quot;:false,&quot;taxQuery&quot;:[],&quot;isProductCollectionBlock&quot;:true,&quot;featured&quot;:false,&quot;woocommerceOnSale&quot;:false,&quot;woocommerceStockStatus&quot;:[&quot;instock&quot;,&quot;onbackorder&quot;],&quot;woocommerceAttributes&quot;:[],&quot;woocommerceHandPickedProducts&quot;:[],&quot;filterable&quot;:false,&quot;relatedBy&quot;:{&quot;categories&quot;:true,&quot;tags&quot;:true}}\" data-tag-name=\"div\">\n<div class=\"wc-block-components-notices alignwide\" data-wp-interactive=\"woocommerce\/store-notices\"><\/div>\n<\/div>\n<\/div>\n","protected":false},"excerpt":{"rendered":"<p>Bolachas com Sal Marinho da Bretanha e Azeite &#8211; Lady Joseph.<\/p>\n<p>Extra finas e crocantes, sem aditivos ou corantes.<\/p>\n","protected":false},"featured_media":270,"comment_status":"open","ping_status":"closed","template":"","meta":[],"product_brand":[67],"product_cat":[36,28],"product_tag":[62,47,52,42],"class_list":{"0":"post-264","1":"product","2":"type-product","3":"status-publish","4":"has-post-thumbnail","6":"product_brand-lady-joseph","7":"product_cat-bolachas-salgadas","8":"product_cat-salgados","9":"product_tag-biscuits","10":"product_tag-spain","11":"product_tag-salty","12":"product_tag-snack","14":"first","15":"instock","16":"purchasable","17":"product-type-simple"},"jetpack_sharing_enabled":true,"_links":{"self":[{"href":"https:\/\/snapoutofmeat.com\/pt_pt\/wp-json\/wp\/v2\/product\/264","targetHints":{"allow":["GET"]}}],"collection":[{"href":"https:\/\/snapoutofmeat.com\/pt_pt\/wp-json\/wp\/v2\/product"}],"about":[{"href":"https:\/\/snapoutofmeat.com\/pt_pt\/wp-json\/wp\/v2\/types\/product"}],"replies":[{"embeddable":true,"href":"https:\/\/snapoutofmeat.com\/pt_pt\/wp-json\/wp\/v2\/comments?post=264"}],"wp:featuredmedia":[{"embeddable":true,"href":"https:\/\/snapoutofmeat.com\/pt_pt\/wp-json\/wp\/v2\/media\/270"}],"wp:attachment":[{"href":"https:\/\/snapoutofmeat.com\/pt_pt\/wp-json\/wp\/v2\/media?parent=264"}],"wp:term":[{"taxonomy":"product_brand","embeddable":true,"href":"https:\/\/snapoutofmeat.com\/pt_pt\/wp-json\/wp\/v2\/product_brand?post=264"},{"taxonomy":"product_cat","embeddable":true,"href":"https:\/\/snapoutofmeat.com\/pt_pt\/wp-json\/wp\/v2\/product_cat?post=264"},{"taxonomy":"product_tag","embeddable":true,"href":"https:\/\/snapoutofmeat.com\/pt_pt\/wp-json\/wp\/v2\/product_tag?post=264"}],"curies":[{"name":"wp","href":"https:\/\/api.w.org\/{rel}","templated":true}]}}