{"id":272,"date":"2025-08-30T09:13:20","date_gmt":"2025-08-30T09:13:20","guid":{"rendered":"https:\/\/navajowhite-ibis-676531.hostingersite.com\/?post_type=product&#038;p=272"},"modified":"2026-04-01T11:24:37","modified_gmt":"2026-04-01T11:24:37","slug":"bolachas-lady-joseph-trufa-e-azeite","status":"publish","type":"product","link":"https:\/\/snapoutofmeat.com\/pt_pt\/product\/bolachas-lady-joseph-trufa-e-azeite\/","title":{"rendered":"Bolachas de Trufa e Azeite &#8211; Lady Joseph"},"content":{"rendered":"<p class=\"p1\">Bolachas artesanais com azeite infundido com trufa negra. Extra finas e crocantes, sem aditivos ou corantes. Vegana, natural, feita com pouqu\u00edssimos ingredientes, mas muito sabor.<\/p>\n<p class=\"p1\">A trufa negra (Tuber Melanosporum Vitt) tem um cheiro forte e apimentado, e um sabor requintado. A colheita ocorre na cidade de Sarrion (Teruel, Espanha), onde se encontra a maior superf\u00edcie de carvalhos plantados em todo o mundo.<\/p>\n<p class=\"p1\">Estas s\u00e3o as favoritas do Ruffus! Ao contr\u00e1rio das suas similares comuns nos mercados, esta vers\u00e3o \u00e9 suave e saborosa na medida certa. O sabor residual da trufa \u00e9 o ideal e s\u00f3 te faz querer mais.<\/p>\n<p class=\"p1\">Lady Joseph \u00e9 uma marca de biscoitos e cookies artesanais de origem espanhola e inspira\u00e7\u00e3o francesa.<\/p>\n","protected":false},"excerpt":{"rendered":"<p>Bolachas com Trufa e Azeite &#8211; Lady Joseph.<\/p>\n<p>Extra finas e crocantes, sem aditivos ou corantes.<\/p>\n","protected":false},"featured_media":276,"comment_status":"open","ping_status":"closed","template":"","meta":[],"product_brand":[67],"product_cat":[36,28],"product_tag":[62,47,52,42],"class_list":{"0":"post-272","1":"product","2":"type-product","3":"status-publish","4":"has-post-thumbnail","6":"product_brand-lady-joseph","7":"product_cat-bolachas-salgadas","8":"product_cat-salgados","9":"product_tag-biscuits","10":"product_tag-spain","11":"product_tag-salty","12":"product_tag-snack","14":"first","15":"instock","16":"purchasable","17":"product-type-simple"},"jetpack_sharing_enabled":true,"_links":{"self":[{"href":"https:\/\/snapoutofmeat.com\/pt_pt\/wp-json\/wp\/v2\/product\/272","targetHints":{"allow":["GET"]}}],"collection":[{"href":"https:\/\/snapoutofmeat.com\/pt_pt\/wp-json\/wp\/v2\/product"}],"about":[{"href":"https:\/\/snapoutofmeat.com\/pt_pt\/wp-json\/wp\/v2\/types\/product"}],"replies":[{"embeddable":true,"href":"https:\/\/snapoutofmeat.com\/pt_pt\/wp-json\/wp\/v2\/comments?post=272"}],"wp:featuredmedia":[{"embeddable":true,"href":"https:\/\/snapoutofmeat.com\/pt_pt\/wp-json\/wp\/v2\/media\/276"}],"wp:attachment":[{"href":"https:\/\/snapoutofmeat.com\/pt_pt\/wp-json\/wp\/v2\/media?parent=272"}],"wp:term":[{"taxonomy":"product_brand","embeddable":true,"href":"https:\/\/snapoutofmeat.com\/pt_pt\/wp-json\/wp\/v2\/product_brand?post=272"},{"taxonomy":"product_cat","embeddable":true,"href":"https:\/\/snapoutofmeat.com\/pt_pt\/wp-json\/wp\/v2\/product_cat?post=272"},{"taxonomy":"product_tag","embeddable":true,"href":"https:\/\/snapoutofmeat.com\/pt_pt\/wp-json\/wp\/v2\/product_tag?post=272"}],"curies":[{"name":"wp","href":"https:\/\/api.w.org\/{rel}","templated":true}]}}