{"id":282,"date":"2025-08-30T09:24:15","date_gmt":"2025-08-30T09:24:15","guid":{"rendered":"https:\/\/navajowhite-ibis-676531.hostingersite.com\/?post_type=product&#038;p=282"},"modified":"2026-04-01T11:21:30","modified_gmt":"2026-04-01T11:21:30","slug":"quadradinhos-de-figo-e-amendoa-lady-joseph","status":"publish","type":"product","link":"https:\/\/snapoutofmeat.com\/pt_pt\/product\/quadradinhos-de-figo-e-amendoa-lady-joseph\/","title":{"rendered":"P\u00e3o de Figo e Am\u00eandoas &#8211; Lady Joseph"},"content":{"rendered":"<p class=\"p1\">Quadradinhos de figo e am\u00eandoas, tamb\u00e9m conhecido como \u201cp\u00e3o de figo e am\u00eandoas\u201d. Embalado em deliciosas por\u00e7\u00f5es individuais de 12g, s\u00e3o perfeitos para acompanhar queijo (vegano ou n\u00e3o) ou um ch\u00e1.<\/p>\n<p class=\"p1\">Naturalmente sem gl\u00faten, s\u00e3o um toque doce e natural a qualquer hora do dia.<\/p>\n<p class=\"p1\">Lady Joseph \u00e9 uma marca de biscoitos e cookies artesanais de origem espanhola e inspira\u00e7\u00e3o francesa.<\/p>\n","protected":false},"excerpt":{"rendered":"<p class=\"p1\">Quadrados de Figo e Am\u00eandoa Lady Joseph emabalados individualmente (12g\/unidade).<\/p>\n","protected":false},"featured_media":286,"comment_status":"open","ping_status":"closed","template":"","meta":[],"product_brand":[67],"product_cat":[27,32],"product_tag":[57,51,47,68,42],"class_list":{"0":"post-282","1":"product","2":"type-product","3":"status-publish","4":"has-post-thumbnail","6":"product_brand-lady-joseph","7":"product_cat-doces","8":"product_cat-outros-doces","9":"product_tag-almonds","10":"product_tag-sweet","11":"product_tag-spain","12":"product_tag-fig","13":"product_tag-snack","15":"first","16":"instock","17":"purchasable","18":"product-type-simple"},"jetpack_sharing_enabled":true,"_links":{"self":[{"href":"https:\/\/snapoutofmeat.com\/pt_pt\/wp-json\/wp\/v2\/product\/282","targetHints":{"allow":["GET"]}}],"collection":[{"href":"https:\/\/snapoutofmeat.com\/pt_pt\/wp-json\/wp\/v2\/product"}],"about":[{"href":"https:\/\/snapoutofmeat.com\/pt_pt\/wp-json\/wp\/v2\/types\/product"}],"replies":[{"embeddable":true,"href":"https:\/\/snapoutofmeat.com\/pt_pt\/wp-json\/wp\/v2\/comments?post=282"}],"wp:featuredmedia":[{"embeddable":true,"href":"https:\/\/snapoutofmeat.com\/pt_pt\/wp-json\/wp\/v2\/media\/286"}],"wp:attachment":[{"href":"https:\/\/snapoutofmeat.com\/pt_pt\/wp-json\/wp\/v2\/media?parent=282"}],"wp:term":[{"taxonomy":"product_brand","embeddable":true,"href":"https:\/\/snapoutofmeat.com\/pt_pt\/wp-json\/wp\/v2\/product_brand?post=282"},{"taxonomy":"product_cat","embeddable":true,"href":"https:\/\/snapoutofmeat.com\/pt_pt\/wp-json\/wp\/v2\/product_cat?post=282"},{"taxonomy":"product_tag","embeddable":true,"href":"https:\/\/snapoutofmeat.com\/pt_pt\/wp-json\/wp\/v2\/product_tag?post=282"}],"curies":[{"name":"wp","href":"https:\/\/api.w.org\/{rel}","templated":true}]}}