{"id":465,"date":"2025-09-23T21:28:07","date_gmt":"2025-09-23T21:28:07","guid":{"rendered":"https:\/\/snapoutofmeat.com\/?post_type=product&#038;p=465"},"modified":"2026-02-24T18:19:29","modified_gmt":"2026-02-24T18:19:29","slug":"alfajor-havanna","status":"publish","type":"product","link":"https:\/\/snapoutofmeat.com\/pt_pt\/product\/alfajor-havanna\/","title":{"rendered":"Alfajor Vegano &#8211; Caixa com 4 Unidades &#8211; Havanna"},"content":{"rendered":"<p>Pode acreditar&#8230; a Havanna agora tem alfajores veganos. Vegano como nunca, mas saboroso como sempre! Com uma receita cuidadosamente elaborada, esta caixa cont\u00e9m 4 alfajores incr\u00edveis, somando um total de 280g. Feitos com trigo sarraceno de alta qualidade, recheados com doce de am\u00eandoas cremoso e cobertos com chocolate 70% cacau, esses alfajores s\u00e3o uma perdi\u00e7\u00e3o.<\/p>\n<p>Ruffus vai \u00e0 loucura com estes alfajores!<\/p>\n","protected":false},"excerpt":{"rendered":"<p>Caixa com 4 alfajores de trigo sarraceno recheados com doce de am\u00eandoas e cobertos com chocolate 70% cacau. Sem gl\u00faten!<\/p>\n","protected":false},"featured_media":469,"comment_status":"open","ping_status":"closed","template":"","meta":[],"product_brand":[104],"product_cat":[27,32],"product_tag":[57,60,105,51],"class_list":{"0":"post-465","1":"product","2":"type-product","3":"status-publish","4":"has-post-thumbnail","6":"product_brand-havanna","7":"product_cat-doces","8":"product_cat-outros-doces","9":"product_tag-almonds","10":"product_tag-peanuts","11":"product_tag-argentina","12":"product_tag-sweet","14":"first","15":"outofstock","16":"sale","17":"purchasable","18":"product-type-simple"},"jetpack_sharing_enabled":true,"_links":{"self":[{"href":"https:\/\/snapoutofmeat.com\/pt_pt\/wp-json\/wp\/v2\/product\/465","targetHints":{"allow":["GET"]}}],"collection":[{"href":"https:\/\/snapoutofmeat.com\/pt_pt\/wp-json\/wp\/v2\/product"}],"about":[{"href":"https:\/\/snapoutofmeat.com\/pt_pt\/wp-json\/wp\/v2\/types\/product"}],"replies":[{"embeddable":true,"href":"https:\/\/snapoutofmeat.com\/pt_pt\/wp-json\/wp\/v2\/comments?post=465"}],"wp:featuredmedia":[{"embeddable":true,"href":"https:\/\/snapoutofmeat.com\/pt_pt\/wp-json\/wp\/v2\/media\/469"}],"wp:attachment":[{"href":"https:\/\/snapoutofmeat.com\/pt_pt\/wp-json\/wp\/v2\/media?parent=465"}],"wp:term":[{"taxonomy":"product_brand","embeddable":true,"href":"https:\/\/snapoutofmeat.com\/pt_pt\/wp-json\/wp\/v2\/product_brand?post=465"},{"taxonomy":"product_cat","embeddable":true,"href":"https:\/\/snapoutofmeat.com\/pt_pt\/wp-json\/wp\/v2\/product_cat?post=465"},{"taxonomy":"product_tag","embeddable":true,"href":"https:\/\/snapoutofmeat.com\/pt_pt\/wp-json\/wp\/v2\/product_tag?post=465"}],"curies":[{"name":"wp","href":"https:\/\/api.w.org\/{rel}","templated":true}]}}