{"id":477,"date":"2025-09-23T21:41:32","date_gmt":"2025-09-23T21:41:32","guid":{"rendered":"https:\/\/snapoutofmeat.com\/?post_type=product&#038;p=477"},"modified":"2026-04-13T19:26:21","modified_gmt":"2026-04-13T19:26:21","slug":"mini-barra-de-chocolate-branco-e-avela-vegan-delights","status":"publish","type":"product","link":"https:\/\/snapoutofmeat.com\/pt_pt\/product\/mini-barra-de-chocolate-branco-e-avela-vegan-delights\/","title":{"rendered":"Mini barra de Chocolate Branco e Avel\u00e3 &#8211; Vegan Delights"},"content":{"rendered":"<p>Deguste o rico sabor das avel\u00e3s da Vegan Delights White Chocolate Hazelnut Bar, uma deliciosa barra de chocolate branco vegan. Quem n\u00e3o ama chocolate branco? Esta indulg\u00eancia n\u00e3o \u00e9 apenas sem gl\u00faten, mas tamb\u00e9m vem em embalagens sem pl\u00e1stico.<\/p>\n<p>Nascida em Uppsala, Su\u00e9cia, a Vegan Delights \u00e9 pioneira em cria\u00e7\u00f5es e combina\u00e7\u00f5es \u00fanicas. Desfrute de um chocolate maravilhoso e sem crueldade.<\/p>\n","protected":false},"excerpt":{"rendered":"<p>Tablete de chocolate branco com gianduia cremosa de avel\u00e3 e um toque de sal marinho. (50g)<\/p>\n","protected":false},"featured_media":476,"comment_status":"open","ping_status":"closed","template":"","meta":[],"product_brand":[107],"product_cat":[29,27],"product_tag":[56,53,54,51,106],"class_list":{"0":"post-477","1":"product","2":"type-product","3":"status-publish","4":"has-post-thumbnail","6":"product_brand-vegan-delights","7":"product_cat-chocolates","8":"product_cat-doces","9":"product_tag-hazelnuts","10":"product_tag-chocolate","11":"product_tag-white-choc","12":"product_tag-sweet","13":"product_tag-sweden","15":"first","16":"instock","17":"purchasable","18":"product-type-simple"},"jetpack_sharing_enabled":true,"_links":{"self":[{"href":"https:\/\/snapoutofmeat.com\/pt_pt\/wp-json\/wp\/v2\/product\/477","targetHints":{"allow":["GET"]}}],"collection":[{"href":"https:\/\/snapoutofmeat.com\/pt_pt\/wp-json\/wp\/v2\/product"}],"about":[{"href":"https:\/\/snapoutofmeat.com\/pt_pt\/wp-json\/wp\/v2\/types\/product"}],"replies":[{"embeddable":true,"href":"https:\/\/snapoutofmeat.com\/pt_pt\/wp-json\/wp\/v2\/comments?post=477"}],"wp:featuredmedia":[{"embeddable":true,"href":"https:\/\/snapoutofmeat.com\/pt_pt\/wp-json\/wp\/v2\/media\/476"}],"wp:attachment":[{"href":"https:\/\/snapoutofmeat.com\/pt_pt\/wp-json\/wp\/v2\/media?parent=477"}],"wp:term":[{"taxonomy":"product_brand","embeddable":true,"href":"https:\/\/snapoutofmeat.com\/pt_pt\/wp-json\/wp\/v2\/product_brand?post=477"},{"taxonomy":"product_cat","embeddable":true,"href":"https:\/\/snapoutofmeat.com\/pt_pt\/wp-json\/wp\/v2\/product_cat?post=477"},{"taxonomy":"product_tag","embeddable":true,"href":"https:\/\/snapoutofmeat.com\/pt_pt\/wp-json\/wp\/v2\/product_tag?post=477"}],"curies":[{"name":"wp","href":"https:\/\/api.w.org\/{rel}","templated":true}]}}