{"id":481,"date":"2025-09-23T21:59:56","date_gmt":"2025-09-23T21:59:56","guid":{"rendered":"https:\/\/snapoutofmeat.com\/?post_type=product&#038;p=481"},"modified":"2026-04-13T19:26:21","modified_gmt":"2026-04-13T19:26:21","slug":"barra-de-chocolate-negro-com-violetas-vegan-delights","status":"publish","type":"product","link":"https:\/\/snapoutofmeat.com\/pt_pt\/product\/barra-de-chocolate-negro-com-violetas-vegan-delights\/","title":{"rendered":"Barra de Chocolate Negro com Violetas &#8211; Vegan Delights"},"content":{"rendered":"<p>As Violet Bars da Vegan Delights s\u00e3o uma surpresa t\u00e3o agrad\u00e1vel quanto a pr\u00f3pria flor. Para quem gosta de experimentar sabores inusitados, esta escolha \u00e9 certa!<\/p>\n<p>Nascida em Uppsala, Su\u00e9cia, a Vegan Delights \u00e9 pioneira em cria\u00e7\u00f5es e combina\u00e7\u00f5es \u00fanicas. Desfrute de um chocolate maravilhoso e sem crueldade.<\/p>\n","protected":false},"excerpt":{"rendered":"<p>Barra de chocolate 70% com crocante de flor violeta cristalizada. (80g)<\/p>\n","protected":false},"featured_media":649,"comment_status":"open","ping_status":"closed","template":"","meta":[],"product_brand":[107],"product_cat":[29,27],"product_tag":[53,51,106],"class_list":{"0":"post-481","1":"product","2":"type-product","3":"status-publish","4":"has-post-thumbnail","6":"product_brand-vegan-delights","7":"product_cat-chocolates","8":"product_cat-doces","9":"product_tag-chocolate","10":"product_tag-sweet","11":"product_tag-sweden","13":"first","14":"outofstock","15":"taxable","16":"shipping-taxable","17":"purchasable","18":"product-type-simple"},"jetpack_sharing_enabled":true,"_links":{"self":[{"href":"https:\/\/snapoutofmeat.com\/pt_pt\/wp-json\/wp\/v2\/product\/481","targetHints":{"allow":["GET"]}}],"collection":[{"href":"https:\/\/snapoutofmeat.com\/pt_pt\/wp-json\/wp\/v2\/product"}],"about":[{"href":"https:\/\/snapoutofmeat.com\/pt_pt\/wp-json\/wp\/v2\/types\/product"}],"replies":[{"embeddable":true,"href":"https:\/\/snapoutofmeat.com\/pt_pt\/wp-json\/wp\/v2\/comments?post=481"}],"wp:featuredmedia":[{"embeddable":true,"href":"https:\/\/snapoutofmeat.com\/pt_pt\/wp-json\/wp\/v2\/media\/649"}],"wp:attachment":[{"href":"https:\/\/snapoutofmeat.com\/pt_pt\/wp-json\/wp\/v2\/media?parent=481"}],"wp:term":[{"taxonomy":"product_brand","embeddable":true,"href":"https:\/\/snapoutofmeat.com\/pt_pt\/wp-json\/wp\/v2\/product_brand?post=481"},{"taxonomy":"product_cat","embeddable":true,"href":"https:\/\/snapoutofmeat.com\/pt_pt\/wp-json\/wp\/v2\/product_cat?post=481"},{"taxonomy":"product_tag","embeddable":true,"href":"https:\/\/snapoutofmeat.com\/pt_pt\/wp-json\/wp\/v2\/product_tag?post=481"}],"curies":[{"name":"wp","href":"https:\/\/api.w.org\/{rel}","templated":true}]}}