{"id":600,"date":"2025-12-05T17:36:06","date_gmt":"2025-12-05T17:36:06","guid":{"rendered":"https:\/\/snapoutofmeat.com\/?post_type=product&#038;p=600"},"modified":"2026-04-13T19:26:21","modified_gmt":"2026-04-13T19:26:21","slug":"choc-pb-cookies-rhythm-108","status":"publish","type":"product","link":"https:\/\/snapoutofmeat.com\/pt_pt\/product\/choc-pb-cookies-rhythm-108\/","title":{"rendered":"Cookie de Chocolate e Pasta de Amendoim &#8211; Rhythm 108"},"content":{"rendered":"<p class=\"p1\">Cookies de chocolate e pasta de amendoim. Uma receita totalmente vegana e com ingredientes biol\u00f3gicos. Livre de gl\u00faten, com menos a\u00e7\u00facar do que as op\u00e7\u00f5es similares, sem adi\u00e7\u00e3o de \u00f3leo de palma.<\/p>\n<p>Esta cookie da Rhythm108 \u00e9 uma bolacha de chocolate rica e macia, recheada com pasta de amendoim suave e gulosa, e finalizada com amendoins torrados e pepitas de chocolate. A combina\u00e7\u00e3o perfeita entre do\u00e7ura e um toque subtil de salgado.<\/p>\n<p class=\"p1\">Sobremesa perfeita para dias frios.<\/p>\n<p class=\"p1\">A Rhythm 108 \u00e9 uma marca su\u00ed\u00e7a de chocolates e cookies artesanais.<\/p>\n","protected":false},"excerpt":{"rendered":"<p>Cookies de chocolate recheados com manteiga de amendoim Rhythm 108 (50g).<\/p>\n","protected":false},"featured_media":606,"comment_status":"open","ping_status":"closed","template":"","meta":[],"product_brand":[109],"product_cat":[30,27],"product_tag":[62,65,51,45,42,110],"class_list":{"0":"post-600","1":"product","2":"type-product","3":"status-publish","4":"has-post-thumbnail","6":"product_brand-rhythm-108","7":"product_cat-biscoitos-doces","8":"product_cat-doces","9":"product_tag-biscuits","10":"product_tag-cocoa","11":"product_tag-sweet","12":"product_tag-gluten-free","13":"product_tag-snack","14":"product_tag-switzerland","16":"first","17":"instock","18":"purchasable","19":"product-type-simple"},"jetpack_sharing_enabled":true,"_links":{"self":[{"href":"https:\/\/snapoutofmeat.com\/pt_pt\/wp-json\/wp\/v2\/product\/600","targetHints":{"allow":["GET"]}}],"collection":[{"href":"https:\/\/snapoutofmeat.com\/pt_pt\/wp-json\/wp\/v2\/product"}],"about":[{"href":"https:\/\/snapoutofmeat.com\/pt_pt\/wp-json\/wp\/v2\/types\/product"}],"replies":[{"embeddable":true,"href":"https:\/\/snapoutofmeat.com\/pt_pt\/wp-json\/wp\/v2\/comments?post=600"}],"wp:featuredmedia":[{"embeddable":true,"href":"https:\/\/snapoutofmeat.com\/pt_pt\/wp-json\/wp\/v2\/media\/606"}],"wp:attachment":[{"href":"https:\/\/snapoutofmeat.com\/pt_pt\/wp-json\/wp\/v2\/media?parent=600"}],"wp:term":[{"taxonomy":"product_brand","embeddable":true,"href":"https:\/\/snapoutofmeat.com\/pt_pt\/wp-json\/wp\/v2\/product_brand?post=600"},{"taxonomy":"product_cat","embeddable":true,"href":"https:\/\/snapoutofmeat.com\/pt_pt\/wp-json\/wp\/v2\/product_cat?post=600"},{"taxonomy":"product_tag","embeddable":true,"href":"https:\/\/snapoutofmeat.com\/pt_pt\/wp-json\/wp\/v2\/product_tag?post=600"}],"curies":[{"name":"wp","href":"https:\/\/api.w.org\/{rel}","templated":true}]}}