{"id":610,"date":"2025-12-05T18:45:32","date_gmt":"2025-12-05T18:45:32","guid":{"rendered":"https:\/\/snapoutofmeat.com\/?post_type=product&#038;p=610"},"modified":"2026-04-13T19:26:21","modified_gmt":"2026-04-13T19:26:21","slug":"cookies-de-praline-de-avela-com-chocolate-rhythm-108","status":"publish","type":"product","link":"https:\/\/snapoutofmeat.com\/pt_pt\/product\/cookies-de-praline-de-avela-com-chocolate-rhythm-108\/","title":{"rendered":"Cookies de Pralin\u00e9 de Avel\u00e3 com Chocolate &#8211; Rhythm 108"},"content":{"rendered":"<p class=\"p1\">Cookies de pralin\u00e9 de avel\u00e3 com chocolate. Uma receita totalmente vegana e com ingredientes biol\u00f3gicos. Livre de gl\u00faten, com menos a\u00e7\u00facar do que as op\u00e7\u00f5es semelhantes e sem adi\u00e7\u00e3o de \u00f3leo de palma.<\/p>\n<p>Estas cookies da Rhythm108 s\u00e3o bolachas macias e levemente mastig\u00e1veis, recheadas com um pralin\u00e9 cremoso de chocolate e avel\u00e3s, e finalizadas com avel\u00e3s torradas e pepitas de chocolate.<\/p>\n<p class=\"p1\">Sobremesa perfeita para dias frios.<\/p>\n<p class=\"p1\">A Rhythm 108 \u00e9 uma marca su\u00ed\u00e7a de chocolates e cookies artesanais.<\/p>\n","protected":false},"excerpt":{"rendered":"<p>Cookies de pralin\u00e9 de avel\u00e3 com chocolate Rhythm 108 (50g).<\/p>\n","protected":false},"featured_media":611,"comment_status":"open","ping_status":"closed","template":"","meta":[],"product_brand":[109],"product_cat":[30,27],"product_tag":[62,65,51,45,42,110],"class_list":{"0":"post-610","1":"product","2":"type-product","3":"status-publish","4":"has-post-thumbnail","6":"product_brand-rhythm-108","7":"product_cat-biscoitos-doces","8":"product_cat-doces","9":"product_tag-biscuits","10":"product_tag-cocoa","11":"product_tag-sweet","12":"product_tag-gluten-free","13":"product_tag-snack","14":"product_tag-switzerland","16":"first","17":"instock","18":"purchasable","19":"product-type-simple"},"jetpack_sharing_enabled":true,"_links":{"self":[{"href":"https:\/\/snapoutofmeat.com\/pt_pt\/wp-json\/wp\/v2\/product\/610","targetHints":{"allow":["GET"]}}],"collection":[{"href":"https:\/\/snapoutofmeat.com\/pt_pt\/wp-json\/wp\/v2\/product"}],"about":[{"href":"https:\/\/snapoutofmeat.com\/pt_pt\/wp-json\/wp\/v2\/types\/product"}],"replies":[{"embeddable":true,"href":"https:\/\/snapoutofmeat.com\/pt_pt\/wp-json\/wp\/v2\/comments?post=610"}],"wp:featuredmedia":[{"embeddable":true,"href":"https:\/\/snapoutofmeat.com\/pt_pt\/wp-json\/wp\/v2\/media\/611"}],"wp:attachment":[{"href":"https:\/\/snapoutofmeat.com\/pt_pt\/wp-json\/wp\/v2\/media?parent=610"}],"wp:term":[{"taxonomy":"product_brand","embeddable":true,"href":"https:\/\/snapoutofmeat.com\/pt_pt\/wp-json\/wp\/v2\/product_brand?post=610"},{"taxonomy":"product_cat","embeddable":true,"href":"https:\/\/snapoutofmeat.com\/pt_pt\/wp-json\/wp\/v2\/product_cat?post=610"},{"taxonomy":"product_tag","embeddable":true,"href":"https:\/\/snapoutofmeat.com\/pt_pt\/wp-json\/wp\/v2\/product_tag?post=610"}],"curies":[{"name":"wp","href":"https:\/\/api.w.org\/{rel}","templated":true}]}}