{"id":655,"date":"2025-12-09T21:00:33","date_gmt":"2025-12-09T21:00:33","guid":{"rendered":"https:\/\/snapoutofmeat.com\/?post_type=product&#038;p=655"},"modified":"2026-04-13T19:26:21","modified_gmt":"2026-04-13T19:26:21","slug":"orange-amaranth-choc-bar","status":"publish","type":"product","link":"https:\/\/snapoutofmeat.com\/pt_pt\/product\/orange-amaranth-choc-bar\/","title":{"rendered":"Barra de Chocolate Cremoso com Laranja &#8211; Rhythm 108"},"content":{"rendered":"<p data-start=\"244\" data-end=\"448\">Barra de chocolate e laranja, totalmente vegan e feita com ingredientes biol\u00f3gicos. Recheada com um <strong data-start=\"350\" data-end=\"378\">creme de cacau e laranja<\/strong>, aveia e <strong data-start=\"388\" data-end=\"409\">amaranto crocante<\/strong>, envolvida em chocolate su\u00ed\u00e7o cremoso.<\/p>\n<p data-start=\"450\" data-end=\"603\">Uma combina\u00e7\u00e3o rica, perfumada e ligeiramente c\u00edtrica, perfeita para quem adora do\u00e7uras com personalidade. Doce, indulgente e irresist\u00edvel o ano inteiro.<\/p>\n<p data-start=\"605\" data-end=\"731\">Uma escolha consciente \u2014 <strong data-start=\"630\" data-end=\"650\">vegana, org\u00e2nica<\/strong> e com menos a\u00e7\u00facar do que alternativas semelhantes, sem adi\u00e7\u00e3o de \u00f3leo de palma.<\/p>\n<p class=\"p1\">A Rhythm 108 \u00e9 uma marca su\u00ed\u00e7a de chocolates e cookies artesanais.<\/p>\n","protected":false},"excerpt":{"rendered":"<p>Barra de Chocolate Cremoso com Laranja e Amaranto Rhythm 108 (33g).<\/p>\n","protected":false},"featured_media":656,"comment_status":"open","ping_status":"closed","template":"","meta":[],"product_brand":[109],"product_cat":[29,27],"product_tag":[65,53,51,45,42,110],"class_list":{"0":"post-655","1":"product","2":"type-product","3":"status-publish","4":"has-post-thumbnail","6":"product_brand-rhythm-108","7":"product_cat-chocolates","8":"product_cat-doces","9":"product_tag-cocoa","10":"product_tag-chocolate","11":"product_tag-sweet","12":"product_tag-gluten-free","13":"product_tag-snack","14":"product_tag-switzerland","16":"first","17":"instock","18":"purchasable","19":"product-type-simple"},"jetpack_sharing_enabled":true,"_links":{"self":[{"href":"https:\/\/snapoutofmeat.com\/pt_pt\/wp-json\/wp\/v2\/product\/655","targetHints":{"allow":["GET"]}}],"collection":[{"href":"https:\/\/snapoutofmeat.com\/pt_pt\/wp-json\/wp\/v2\/product"}],"about":[{"href":"https:\/\/snapoutofmeat.com\/pt_pt\/wp-json\/wp\/v2\/types\/product"}],"replies":[{"embeddable":true,"href":"https:\/\/snapoutofmeat.com\/pt_pt\/wp-json\/wp\/v2\/comments?post=655"}],"wp:featuredmedia":[{"embeddable":true,"href":"https:\/\/snapoutofmeat.com\/pt_pt\/wp-json\/wp\/v2\/media\/656"}],"wp:attachment":[{"href":"https:\/\/snapoutofmeat.com\/pt_pt\/wp-json\/wp\/v2\/media?parent=655"}],"wp:term":[{"taxonomy":"product_brand","embeddable":true,"href":"https:\/\/snapoutofmeat.com\/pt_pt\/wp-json\/wp\/v2\/product_brand?post=655"},{"taxonomy":"product_cat","embeddable":true,"href":"https:\/\/snapoutofmeat.com\/pt_pt\/wp-json\/wp\/v2\/product_cat?post=655"},{"taxonomy":"product_tag","embeddable":true,"href":"https:\/\/snapoutofmeat.com\/pt_pt\/wp-json\/wp\/v2\/product_tag?post=655"}],"curies":[{"name":"wp","href":"https:\/\/api.w.org\/{rel}","templated":true}]}}