{"id":662,"date":"2025-12-09T21:26:19","date_gmt":"2025-12-09T21:26:19","guid":{"rendered":"https:\/\/snapoutofmeat.com\/?post_type=product&#038;p=662"},"modified":"2026-04-13T19:26:21","modified_gmt":"2026-04-13T19:26:21","slug":"hazelnut-praline-bar","status":"publish","type":"product","link":"https:\/\/snapoutofmeat.com\/pt_pt\/product\/hazelnut-praline-bar\/","title":{"rendered":"Barra de Chocolate Cremoso com Pralin\u00e9 de Avel\u00e3 &#8211; Rhythm 108"},"content":{"rendered":"<p data-start=\"1250\" data-end=\"1457\">Barra de chocolate com pralin\u00e9 de avel\u00e3, totalmente vegan e com ingredientes biol\u00f3gicos. Recheada com um <strong data-start=\"1347\" data-end=\"1379\">creme macio de avel\u00e3 e aveia<\/strong>, com peda\u00e7os crocantes de avel\u00e3, coberta por chocolate negro su\u00ed\u00e7o aveludado.<\/p>\n<p data-start=\"1459\" data-end=\"1608\">Uma mistura indulgente, envolvente e perfeita para quem n\u00e3o resiste a avel\u00e3s. Textura cremosa, crocante no ponto e sabor profundamente reconfortante.<\/p>\n<p data-start=\"1610\" data-end=\"1730\">Um pequeno luxo consciente \u2014 <strong data-start=\"1639\" data-end=\"1659\">vegano, org\u00e2nico<\/strong>, com menos a\u00e7\u00facar do que produtos semelhantes e <strong data-start=\"1708\" data-end=\"1729\">sem \u00f3leo de palma<\/strong>.<\/p>\n<p class=\"p1\">A Rhythm 108 \u00e9 uma marca su\u00ed\u00e7a de chocolates e cookies artesanais.<\/p>\n","protected":false},"excerpt":{"rendered":"<p>Barra de Chocolate Cremoso com Pralin\u00e9 de Avel\u00e3 Rhythm 108 (33g).<\/p>\n","protected":false},"featured_media":667,"comment_status":"open","ping_status":"closed","template":"","meta":[],"product_brand":[109],"product_cat":[29,27],"product_tag":[65,53,51,45,42,110],"class_list":{"0":"post-662","1":"product","2":"type-product","3":"status-publish","4":"has-post-thumbnail","6":"product_brand-rhythm-108","7":"product_cat-chocolates","8":"product_cat-doces","9":"product_tag-cocoa","10":"product_tag-chocolate","11":"product_tag-sweet","12":"product_tag-gluten-free","13":"product_tag-snack","14":"product_tag-switzerland","16":"first","17":"instock","18":"purchasable","19":"product-type-simple"},"jetpack_sharing_enabled":true,"_links":{"self":[{"href":"https:\/\/snapoutofmeat.com\/pt_pt\/wp-json\/wp\/v2\/product\/662","targetHints":{"allow":["GET"]}}],"collection":[{"href":"https:\/\/snapoutofmeat.com\/pt_pt\/wp-json\/wp\/v2\/product"}],"about":[{"href":"https:\/\/snapoutofmeat.com\/pt_pt\/wp-json\/wp\/v2\/types\/product"}],"replies":[{"embeddable":true,"href":"https:\/\/snapoutofmeat.com\/pt_pt\/wp-json\/wp\/v2\/comments?post=662"}],"wp:featuredmedia":[{"embeddable":true,"href":"https:\/\/snapoutofmeat.com\/pt_pt\/wp-json\/wp\/v2\/media\/667"}],"wp:attachment":[{"href":"https:\/\/snapoutofmeat.com\/pt_pt\/wp-json\/wp\/v2\/media?parent=662"}],"wp:term":[{"taxonomy":"product_brand","embeddable":true,"href":"https:\/\/snapoutofmeat.com\/pt_pt\/wp-json\/wp\/v2\/product_brand?post=662"},{"taxonomy":"product_cat","embeddable":true,"href":"https:\/\/snapoutofmeat.com\/pt_pt\/wp-json\/wp\/v2\/product_cat?post=662"},{"taxonomy":"product_tag","embeddable":true,"href":"https:\/\/snapoutofmeat.com\/pt_pt\/wp-json\/wp\/v2\/product_tag?post=662"}],"curies":[{"name":"wp","href":"https:\/\/api.w.org\/{rel}","templated":true}]}}