{"id":671,"date":"2025-12-09T21:53:27","date_gmt":"2025-12-09T21:53:27","guid":{"rendered":"https:\/\/snapoutofmeat.com\/?post_type=product&#038;p=671"},"modified":"2026-04-13T19:26:21","modified_gmt":"2026-04-13T19:26:21","slug":"almond-sea-salt-choc-bar","status":"publish","type":"product","link":"https:\/\/snapoutofmeat.com\/pt_pt\/product\/almond-sea-salt-choc-bar\/","title":{"rendered":"Barra de Chocolate Cremoso com Am\u00eandoas e Sal Marinho &#8211; Rhythm 108"},"content":{"rendered":"<p data-start=\"2235\" data-end=\"2442\">Barra de chocolate com am\u00eandoa e flor de sal, vegan e feita com ingredientes biol\u00f3gicos. Recheada com <strong data-start=\"2329\" data-end=\"2360\">manteiga de am\u00eandoa cremosa<\/strong> e pequenos peda\u00e7os de am\u00eandoa, mergulhada em chocolate su\u00ed\u00e7o vegan sedoso.<\/p>\n<p data-start=\"2444\" data-end=\"2562\">Um equil\u00edbrio perfeito entre doce e salgado, com uma cremosidade que derrete na boca e um toque crocante irresist\u00edvel.<\/p>\n<p data-start=\"2564\" data-end=\"2704\">Uma op\u00e7\u00e3o deliciosa e consciente \u2014 <strong data-start=\"2599\" data-end=\"2619\">vegana, org\u00e2nica<\/strong>, com menos a\u00e7\u00facar do que alternativas semelhantes e <strong data-start=\"2672\" data-end=\"2703\">sem adi\u00e7\u00e3o de \u00f3leo de palma<\/strong>.<\/p>\n<p class=\"p1\">A Rhythm 108 \u00e9 uma marca su\u00ed\u00e7a de chocolates e cookies artesanais.<\/p>\n","protected":false},"excerpt":{"rendered":"<p>Barra de Chocolate Cremoso com Am\u00eandoas e Sal Marinho Rhythm 108 (33g).<\/p>\n","protected":false},"featured_media":672,"comment_status":"open","ping_status":"closed","template":"","meta":[],"product_brand":[109],"product_cat":[29,27],"product_tag":[65,53,51,45,42,110],"class_list":{"0":"post-671","1":"product","2":"type-product","3":"status-publish","4":"has-post-thumbnail","6":"product_brand-rhythm-108","7":"product_cat-chocolates","8":"product_cat-doces","9":"product_tag-cocoa","10":"product_tag-chocolate","11":"product_tag-sweet","12":"product_tag-gluten-free","13":"product_tag-snack","14":"product_tag-switzerland","16":"first","17":"instock","18":"purchasable","19":"product-type-simple"},"jetpack_sharing_enabled":true,"_links":{"self":[{"href":"https:\/\/snapoutofmeat.com\/pt_pt\/wp-json\/wp\/v2\/product\/671","targetHints":{"allow":["GET"]}}],"collection":[{"href":"https:\/\/snapoutofmeat.com\/pt_pt\/wp-json\/wp\/v2\/product"}],"about":[{"href":"https:\/\/snapoutofmeat.com\/pt_pt\/wp-json\/wp\/v2\/types\/product"}],"replies":[{"embeddable":true,"href":"https:\/\/snapoutofmeat.com\/pt_pt\/wp-json\/wp\/v2\/comments?post=671"}],"wp:featuredmedia":[{"embeddable":true,"href":"https:\/\/snapoutofmeat.com\/pt_pt\/wp-json\/wp\/v2\/media\/672"}],"wp:attachment":[{"href":"https:\/\/snapoutofmeat.com\/pt_pt\/wp-json\/wp\/v2\/media?parent=671"}],"wp:term":[{"taxonomy":"product_brand","embeddable":true,"href":"https:\/\/snapoutofmeat.com\/pt_pt\/wp-json\/wp\/v2\/product_brand?post=671"},{"taxonomy":"product_cat","embeddable":true,"href":"https:\/\/snapoutofmeat.com\/pt_pt\/wp-json\/wp\/v2\/product_cat?post=671"},{"taxonomy":"product_tag","embeddable":true,"href":"https:\/\/snapoutofmeat.com\/pt_pt\/wp-json\/wp\/v2\/product_tag?post=671"}],"curies":[{"name":"wp","href":"https:\/\/api.w.org\/{rel}","templated":true}]}}