{"id":680,"date":"2025-12-10T14:14:59","date_gmt":"2025-12-10T14:14:59","guid":{"rendered":"https:\/\/snapoutofmeat.com\/?post_type=product&#038;p=680"},"modified":"2026-04-13T19:26:21","modified_gmt":"2026-04-13T19:26:21","slug":"cocoa-orange-choc-filled-bar-rhythm-108","status":"publish","type":"product","link":"https:\/\/snapoutofmeat.com\/pt_pt\/product\/cocoa-orange-choc-filled-bar-rhythm-108\/","title":{"rendered":"Barra de Chocolate com Recheio de Cacau e Laranja &#8211; Rhythm 108"},"content":{"rendered":"<p data-start=\"244\" data-end=\"448\">Barra vegan de chocolate recheada com cacau e laranja, feita com ingredientes biol\u00f3gicos. O exterior \u00e9 de chocolate su\u00ed\u00e7o vegan cremoso, enquanto o recheio combina cacau intenso e laranja arom\u00e1tica, que se funde na boca.<\/p>\n<p data-start=\"244\" data-end=\"448\">Uma experi\u00eancia sofisticada e equilibrada: o aroma c\u00edtrico \u00e9 presente, mas nunca dominante, e o sabor \u00e9 t\u00e3o rico que at\u00e9 quem n\u00e3o gosta de chocolate com fruta vai adorar.<\/p>\n<p data-start=\"244\" data-end=\"448\">Uma escolha deliciosa e consciente \u2014 vegana, org\u00e2nica, com menos a\u00e7\u00facar do que alternativas semelhantes e sem \u00f3leo de palma.<\/p>\n<p data-start=\"244\" data-end=\"448\">A Rhythm 108 \u00e9 uma marca su\u00ed\u00e7a de chocolates e cookies artesanais.<\/p>\n","protected":false},"excerpt":{"rendered":"<p>Barra de Chocolate com Recheio de Cacau e Laranja Rhythm 108 (100g).<\/p>\n","protected":false},"featured_media":681,"comment_status":"open","ping_status":"closed","template":"","meta":[],"product_brand":[109],"product_cat":[29,27],"product_tag":[65,53,51,45,42,110],"class_list":{"0":"post-680","1":"product","2":"type-product","3":"status-publish","4":"has-post-thumbnail","6":"product_brand-rhythm-108","7":"product_cat-chocolates","8":"product_cat-doces","9":"product_tag-cocoa","10":"product_tag-chocolate","11":"product_tag-sweet","12":"product_tag-gluten-free","13":"product_tag-snack","14":"product_tag-switzerland","16":"first","17":"instock","18":"purchasable","19":"product-type-simple"},"jetpack_sharing_enabled":true,"_links":{"self":[{"href":"https:\/\/snapoutofmeat.com\/pt_pt\/wp-json\/wp\/v2\/product\/680","targetHints":{"allow":["GET"]}}],"collection":[{"href":"https:\/\/snapoutofmeat.com\/pt_pt\/wp-json\/wp\/v2\/product"}],"about":[{"href":"https:\/\/snapoutofmeat.com\/pt_pt\/wp-json\/wp\/v2\/types\/product"}],"replies":[{"embeddable":true,"href":"https:\/\/snapoutofmeat.com\/pt_pt\/wp-json\/wp\/v2\/comments?post=680"}],"wp:featuredmedia":[{"embeddable":true,"href":"https:\/\/snapoutofmeat.com\/pt_pt\/wp-json\/wp\/v2\/media\/681"}],"wp:attachment":[{"href":"https:\/\/snapoutofmeat.com\/pt_pt\/wp-json\/wp\/v2\/media?parent=680"}],"wp:term":[{"taxonomy":"product_brand","embeddable":true,"href":"https:\/\/snapoutofmeat.com\/pt_pt\/wp-json\/wp\/v2\/product_brand?post=680"},{"taxonomy":"product_cat","embeddable":true,"href":"https:\/\/snapoutofmeat.com\/pt_pt\/wp-json\/wp\/v2\/product_cat?post=680"},{"taxonomy":"product_tag","embeddable":true,"href":"https:\/\/snapoutofmeat.com\/pt_pt\/wp-json\/wp\/v2\/product_tag?post=680"}],"curies":[{"name":"wp","href":"https:\/\/api.w.org\/{rel}","templated":true}]}}