{"id":697,"date":"2025-12-10T15:11:16","date_gmt":"2025-12-10T15:11:16","guid":{"rendered":"https:\/\/snapoutofmeat.com\/?post_type=product&#038;p=697"},"modified":"2026-03-09T17:59:37","modified_gmt":"2026-03-09T17:59:37","slug":"hazelnut-truffle-filled-bar-rhythm-108","status":"publish","type":"product","link":"https:\/\/snapoutofmeat.com\/pt_pt\/product\/hazelnut-truffle-filled-bar-rhythm-108\/","title":{"rendered":"Barra de Chocolate com Recheio de Trufa de Avel\u00e3 &#8211; Rhythm 108"},"content":{"rendered":"<p data-start=\"244\" data-end=\"448\">Barra vegan de chocolate su\u00ed\u00e7o recheada com trufa de avel\u00e3, feita com ingredientes biol\u00f3gicos.<\/p>\n<p data-start=\"244\" data-end=\"448\">O recheio de avel\u00e3 cremosa e o chocolate su\u00ed\u00e7o vegan fundem-se numa experi\u00eancia luxuosa e irresist\u00edvel. Uma combina\u00e7\u00e3o cl\u00e1ssica elevada ao seu melhor: cada dentada \u00e9 uma celebra\u00e7\u00e3o de sabor e textura.<\/p>\n<p data-start=\"244\" data-end=\"448\">Uma escolha deliciosa e consciente \u2014 vegana, org\u00e2nica, com menos a\u00e7\u00facar do que alternativas semelhantes e sem \u00f3leo de palma.<\/p>\n<p data-start=\"244\" data-end=\"448\">A Rhythm 108 \u00e9 uma marca su\u00ed\u00e7a de chocolates e cookies artesanais.<\/p>\n","protected":false},"excerpt":{"rendered":"<p>Barra de Chocolate com\u00a0Recheio de Trufa de Avel\u00e3 Rhythm 108 (100g).<\/p>\n","protected":false},"featured_media":698,"comment_status":"open","ping_status":"closed","template":"","meta":[],"product_brand":[109],"product_cat":[29,27],"product_tag":[56,65,53,51,45,42,110],"class_list":{"0":"post-697","1":"product","2":"type-product","3":"status-publish","4":"has-post-thumbnail","6":"product_brand-rhythm-108","7":"product_cat-chocolates","8":"product_cat-doces","9":"product_tag-hazelnuts","10":"product_tag-cocoa","11":"product_tag-chocolate","12":"product_tag-sweet","13":"product_tag-gluten-free","14":"product_tag-snack","15":"product_tag-switzerland","17":"first","18":"outofstock","19":"purchasable","20":"product-type-simple"},"jetpack_sharing_enabled":true,"_links":{"self":[{"href":"https:\/\/snapoutofmeat.com\/pt_pt\/wp-json\/wp\/v2\/product\/697","targetHints":{"allow":["GET"]}}],"collection":[{"href":"https:\/\/snapoutofmeat.com\/pt_pt\/wp-json\/wp\/v2\/product"}],"about":[{"href":"https:\/\/snapoutofmeat.com\/pt_pt\/wp-json\/wp\/v2\/types\/product"}],"replies":[{"embeddable":true,"href":"https:\/\/snapoutofmeat.com\/pt_pt\/wp-json\/wp\/v2\/comments?post=697"}],"wp:featuredmedia":[{"embeddable":true,"href":"https:\/\/snapoutofmeat.com\/pt_pt\/wp-json\/wp\/v2\/media\/698"}],"wp:attachment":[{"href":"https:\/\/snapoutofmeat.com\/pt_pt\/wp-json\/wp\/v2\/media?parent=697"}],"wp:term":[{"taxonomy":"product_brand","embeddable":true,"href":"https:\/\/snapoutofmeat.com\/pt_pt\/wp-json\/wp\/v2\/product_brand?post=697"},{"taxonomy":"product_cat","embeddable":true,"href":"https:\/\/snapoutofmeat.com\/pt_pt\/wp-json\/wp\/v2\/product_cat?post=697"},{"taxonomy":"product_tag","embeddable":true,"href":"https:\/\/snapoutofmeat.com\/pt_pt\/wp-json\/wp\/v2\/product_tag?post=697"}],"curies":[{"name":"wp","href":"https:\/\/api.w.org\/{rel}","templated":true}]}}