{"id":713,"date":"2025-12-16T16:54:36","date_gmt":"2025-12-16T16:54:36","guid":{"rendered":"https:\/\/snapoutofmeat.com\/?post_type=product&#038;p=713"},"modified":"2026-04-01T11:31:21","modified_gmt":"2026-04-01T11:31:21","slug":"vegan-jerky-burn-grizzly","status":"publish","type":"product","link":"https:\/\/snapoutofmeat.com\/pt_pt\/product\/vegan-jerky-burn-grizzly\/","title":{"rendered":"Vegan Jerky Burn Baby Burn &#8211; Grizzly Foods"},"content":{"rendered":"<p><strong>Vegan Jerky Burn Baby Burn<\/strong> \u2013 Um snack vegan picante, rico em prote\u00edna e fibra.<\/p>\n<p>Com mais de 40% de prote\u00edna e 14% de fibra, este jerky \u00e9 ideal para quem procura um snack intenso, saboroso e 100% vegetal.<\/p>\n<p>O chili adiciona um toque picante que o torna numa op\u00e7\u00e3o ousada e deliciosa, perfeita para os amantes de sabores fortes e experi\u00eancias culin\u00e1rias emocionantes.<\/p>\n<p>A <strong>Grizzly Foods<\/strong> \u00e9 uma marca alem\u00e3 que desenvolve snacks inovadores, inspirados em viagens aventureiras e condi\u00e7\u00f5es desafiadoras. Para quem se importa: a Grizzly Foods <em><strong>n\u00e3o<\/strong><\/em> \u00e9 uma marca 100% vegana\/plant-based.<\/p>\n","protected":false},"excerpt":{"rendered":"<p>Vegan Jerky sabor a pimenta da Grizzly Foods (30g).<\/p>\n","protected":false},"featured_media":714,"comment_status":"open","ping_status":"closed","template":"","meta":[],"product_brand":[111],"product_cat":[35,28],"product_tag":[112,52,42],"class_list":{"0":"post-713","1":"product","2":"type-product","3":"status-publish","4":"has-post-thumbnail","6":"product_brand-grizzly-foods","7":"product_cat-outros-salgados","8":"product_cat-salgados","9":"product_tag-germany","10":"product_tag-salty","11":"product_tag-snack","13":"first","14":"instock","15":"taxable","16":"shipping-taxable","17":"purchasable","18":"product-type-simple"},"jetpack_sharing_enabled":true,"_links":{"self":[{"href":"https:\/\/snapoutofmeat.com\/pt_pt\/wp-json\/wp\/v2\/product\/713","targetHints":{"allow":["GET"]}}],"collection":[{"href":"https:\/\/snapoutofmeat.com\/pt_pt\/wp-json\/wp\/v2\/product"}],"about":[{"href":"https:\/\/snapoutofmeat.com\/pt_pt\/wp-json\/wp\/v2\/types\/product"}],"replies":[{"embeddable":true,"href":"https:\/\/snapoutofmeat.com\/pt_pt\/wp-json\/wp\/v2\/comments?post=713"}],"wp:featuredmedia":[{"embeddable":true,"href":"https:\/\/snapoutofmeat.com\/pt_pt\/wp-json\/wp\/v2\/media\/714"}],"wp:attachment":[{"href":"https:\/\/snapoutofmeat.com\/pt_pt\/wp-json\/wp\/v2\/media?parent=713"}],"wp:term":[{"taxonomy":"product_brand","embeddable":true,"href":"https:\/\/snapoutofmeat.com\/pt_pt\/wp-json\/wp\/v2\/product_brand?post=713"},{"taxonomy":"product_cat","embeddable":true,"href":"https:\/\/snapoutofmeat.com\/pt_pt\/wp-json\/wp\/v2\/product_cat?post=713"},{"taxonomy":"product_tag","embeddable":true,"href":"https:\/\/snapoutofmeat.com\/pt_pt\/wp-json\/wp\/v2\/product_tag?post=713"}],"curies":[{"name":"wp","href":"https:\/\/api.w.org\/{rel}","templated":true}]}}