{"id":727,"date":"2026-01-07T17:03:27","date_gmt":"2026-01-07T17:03:27","guid":{"rendered":"https:\/\/snapoutofmeat.com\/?post_type=product&#038;p=727"},"modified":"2026-04-01T11:30:44","modified_gmt":"2026-04-01T11:30:44","slug":"freezed-dried-rasperries-grizzly","status":"publish","type":"product","link":"https:\/\/snapoutofmeat.com\/pt_pt\/product\/freezed-dried-rasperries-grizzly\/","title":{"rendered":"Framboesa Liofilizada &#8211; Grizzly Foods"},"content":{"rendered":"<p><strong>Framboesas Liofilizadas \u2013 <\/strong>100% Fruta, 0% Aditivos<\/p>\n<p>As framboesas liofilizadas da Grizzly Foods s\u00e3o a ess\u00eancia da fruta em sua forma mais pura: sem a\u00e7\u00facar adicionado, sem aditivos, apenas framboesas intensamente arom\u00e1ticas.<\/p>\n<p>Uma bolsa equivale a uma ta\u00e7a generosa de framboesas frescas, mantendo todos os nutrientes e sabor. Perfeito para adicionar a iogurtes, bolos, biscoitos ou simplesmente saborear como snack. Uma op\u00e7\u00e3o saud\u00e1vel, pr\u00e1tica e deliciosa para qualquer altura do dia.<\/p>\n<p>N\u00e3o necessita refrigera\u00e7\u00e3o.<\/p>\n<p>A <strong>Grizzly Foods<\/strong> \u00e9 uma marca alem\u00e3 que desenvolve snacks inovadores, inspirados em viagens aventureiras e condi\u00e7\u00f5es desafiadoras. Para quem se importa: a Grizzly Foods <em><strong>n\u00e3o<\/strong><\/em> \u00e9 uma marca 100% vegana\/plant-based.<\/p>\n","protected":false},"excerpt":{"rendered":"<p>Framboesas Liofilizadas, 100% Fruta da Grizzly Foods (30g).<\/p>\n","protected":false},"featured_media":734,"comment_status":"open","ping_status":"closed","template":"","meta":[],"product_brand":[111],"product_cat":[27,32],"product_tag":[112,51,42,116],"class_list":{"0":"post-727","1":"product","2":"type-product","3":"status-publish","4":"has-post-thumbnail","6":"product_brand-grizzly-foods","7":"product_cat-doces","8":"product_cat-outros-doces","9":"product_tag-germany","10":"product_tag-sweet","11":"product_tag-snack","12":"product_tag-toppings","14":"first","15":"instock","16":"taxable","17":"shipping-taxable","18":"purchasable","19":"product-type-simple"},"jetpack_sharing_enabled":true,"_links":{"self":[{"href":"https:\/\/snapoutofmeat.com\/pt_pt\/wp-json\/wp\/v2\/product\/727","targetHints":{"allow":["GET"]}}],"collection":[{"href":"https:\/\/snapoutofmeat.com\/pt_pt\/wp-json\/wp\/v2\/product"}],"about":[{"href":"https:\/\/snapoutofmeat.com\/pt_pt\/wp-json\/wp\/v2\/types\/product"}],"replies":[{"embeddable":true,"href":"https:\/\/snapoutofmeat.com\/pt_pt\/wp-json\/wp\/v2\/comments?post=727"}],"wp:featuredmedia":[{"embeddable":true,"href":"https:\/\/snapoutofmeat.com\/pt_pt\/wp-json\/wp\/v2\/media\/734"}],"wp:attachment":[{"href":"https:\/\/snapoutofmeat.com\/pt_pt\/wp-json\/wp\/v2\/media?parent=727"}],"wp:term":[{"taxonomy":"product_brand","embeddable":true,"href":"https:\/\/snapoutofmeat.com\/pt_pt\/wp-json\/wp\/v2\/product_brand?post=727"},{"taxonomy":"product_cat","embeddable":true,"href":"https:\/\/snapoutofmeat.com\/pt_pt\/wp-json\/wp\/v2\/product_cat?post=727"},{"taxonomy":"product_tag","embeddable":true,"href":"https:\/\/snapoutofmeat.com\/pt_pt\/wp-json\/wp\/v2\/product_tag?post=727"}],"curies":[{"name":"wp","href":"https:\/\/api.w.org\/{rel}","templated":true}]}}