{"id":736,"date":"2026-01-12T19:23:28","date_gmt":"2026-01-12T19:23:28","guid":{"rendered":"https:\/\/snapoutofmeat.com\/?post_type=product&#038;p=736"},"modified":"2026-04-13T19:26:21","modified_gmt":"2026-04-13T19:26:21","slug":"choc-crunchies-hempions","status":"publish","type":"product","link":"https:\/\/snapoutofmeat.com\/pt_pt\/product\/choc-crunchies-hempions\/","title":{"rendered":"Hemp Crunchies Chocolate &#8211; Hempions"},"content":{"rendered":"<p>Os <strong>Hemp Crunchies Chocolate<\/strong> combinam os nutrientes valiosos das sementes de c\u00e2nhamo org\u00e2nicas da \u00c1ustria com chocolate negro org\u00e2nico do Peru.<\/p>\n<p>O <span class=\"followup-block followup-block-hidden cursor-pointer outline-none static inline group-hover\/message:[--hover-opacity:1]\" tabindex=\"0\" data-question=\"How does gentle roasting affect the nutritional value of hemp seeds?\" aria-haspopup=\"dialog\" aria-expanded=\"false\" aria-controls=\"radix-_r_4t_\" data-state=\"closed\">processo de torrefa\u00e7\u00e3o suave<\/span> garante uma textura crocante e um sabor a noz irresist\u00edvel.<\/p>\n<p>Rico em prote\u00edna vegetal, fibra, \u00f3mega-3, ferro, magn\u00e9sio e zinco, este topping \u00e9 ideal para adicionar a muesli, smoothie bowls, iogurtes ou gelados. Tamb\u00e9m \u00e9 perfeito para levar contigo gra\u00e7as \u00e0 sua <span class=\"followup-block followup-block-hidden cursor-pointer outline-none static inline group-hover\/message:[--hover-opacity:1]\" tabindex=\"0\" data-question=\"How long do the Hemp Crunchies stay fresh after opening the resealable pouch?\" aria-haspopup=\"dialog\" aria-expanded=\"false\" aria-controls=\"radix-_r_4u_\" data-state=\"closed\">embalagem resel\u00e1vel<\/span>.<\/p>\n<p><em>Nota: Este produto n\u00e3o tem efeito psicoativo, <span class=\"followup-block followup-block-hidden cursor-pointer outline-none static inline group-hover\/message:[--hover-opacity:1]\" tabindex=\"0\" data-question=\"Que tipo de testes s\u00e3o realizados para garantir que os n\u00edveis de canabinoides estejam dentro dos limites seguros?\" aria-haspopup=\"dialog\" aria-expanded=\"false\" aria-controls=\"radix-_r_e6_\" data-state=\"closed\">embora possa conter vest\u00edgios de canabinoides devido ao processo de colheita<\/span>.<\/em><\/p>\n<p>A <strong>Hempions<\/strong> une sabor excecional e nutri\u00e7\u00e3o de topo, criada por atletas de elite e especialistas. Alimentos org\u00e2nicos de c\u00e2nhamo, ricos em prote\u00edna, \u00f3mega-3 e minerais essenciais \u2014 deliciosos, sustent\u00e1veis e sem aditivos. Nutri\u00e7\u00e3o de campe\u00e3o para o teu dia a dia!<\/p>\n","protected":false},"excerpt":{"rendered":"<p>Sementes de c\u00e2nhamo de origem biol\u00f3gica cobertas com chocolate &#8211; Hempions (50g).<\/p>\n","protected":false},"featured_media":738,"comment_status":"open","ping_status":"closed","template":"","meta":[],"product_brand":[113],"product_cat":[32],"product_tag":[114,53,51,42,116],"class_list":{"0":"post-736","1":"product","2":"type-product","3":"status-publish","4":"has-post-thumbnail","6":"product_brand-hempions","7":"product_cat-outros-doces","8":"product_tag-austria","9":"product_tag-chocolate","10":"product_tag-sweet","11":"product_tag-snack","12":"product_tag-toppings","14":"first","15":"instock","16":"taxable","17":"shipping-taxable","18":"purchasable","19":"product-type-simple"},"jetpack_sharing_enabled":true,"_links":{"self":[{"href":"https:\/\/snapoutofmeat.com\/pt_pt\/wp-json\/wp\/v2\/product\/736","targetHints":{"allow":["GET"]}}],"collection":[{"href":"https:\/\/snapoutofmeat.com\/pt_pt\/wp-json\/wp\/v2\/product"}],"about":[{"href":"https:\/\/snapoutofmeat.com\/pt_pt\/wp-json\/wp\/v2\/types\/product"}],"replies":[{"embeddable":true,"href":"https:\/\/snapoutofmeat.com\/pt_pt\/wp-json\/wp\/v2\/comments?post=736"}],"wp:featuredmedia":[{"embeddable":true,"href":"https:\/\/snapoutofmeat.com\/pt_pt\/wp-json\/wp\/v2\/media\/738"}],"wp:attachment":[{"href":"https:\/\/snapoutofmeat.com\/pt_pt\/wp-json\/wp\/v2\/media?parent=736"}],"wp:term":[{"taxonomy":"product_brand","embeddable":true,"href":"https:\/\/snapoutofmeat.com\/pt_pt\/wp-json\/wp\/v2\/product_brand?post=736"},{"taxonomy":"product_cat","embeddable":true,"href":"https:\/\/snapoutofmeat.com\/pt_pt\/wp-json\/wp\/v2\/product_cat?post=736"},{"taxonomy":"product_tag","embeddable":true,"href":"https:\/\/snapoutofmeat.com\/pt_pt\/wp-json\/wp\/v2\/product_tag?post=736"}],"curies":[{"name":"wp","href":"https:\/\/api.w.org\/{rel}","templated":true}]}}