{"id":743,"date":"2026-01-12T19:57:00","date_gmt":"2026-01-12T19:57:00","guid":{"rendered":"https:\/\/snapoutofmeat.com\/?post_type=product&#038;p=743"},"modified":"2026-04-13T19:26:21","modified_gmt":"2026-04-13T19:26:21","slug":"orange-hemp-crunchies-hempions","status":"publish","type":"product","link":"https:\/\/snapoutofmeat.com\/pt_pt\/product\/orange-hemp-crunchies-hempions\/","title":{"rendered":"Hemp Crunchies White Orange &#8211; Hempions"},"content":{"rendered":"<p>Os<strong> Hemp Crunchies White Orange<\/strong> s\u00e3o sementes de c\u00e2nhamo org\u00e2nicas da \u00c1ustria, cobertas com massa de chocolate branco e refinadas com \u00f3leo de casca de laranja.<\/p>\n<p>O processo de torrefa\u00e7\u00e3o suave torna-as extra crocantes, real\u00e7ando o seu aroma a noz e fruta.<\/p>\n<p>Ricos em prote\u00edna vegetal, fibra, \u00f3mega-3, ferro, magn\u00e9sio e zinco, s\u00e3o ideais para adicionar a saladas de fruta, iogurtes, gelados ou simplesmente como snack. A embalagem resel\u00e1vel torna-os perfeitos para levar contigo.<\/p>\n<p><em>Nota: Este produto n\u00e3o tem efeito psicoativo, <span class=\"followup-block followup-block-hidden cursor-pointer outline-none static inline group-hover\/message:[--hover-opacity:1]\" tabindex=\"0\" data-question=\"Que tipo de testes s\u00e3o realizados para garantir que os n\u00edveis de canabinoides estejam dentro dos limites seguros?\" aria-haspopup=\"dialog\" aria-expanded=\"false\" aria-controls=\"radix-_r_e6_\" data-state=\"closed\">embora possa conter vest\u00edgios de canabinoides devido ao processo de colheita<\/span>.<\/em><\/p>\n<p>A <strong>Hempions<\/strong> une sabor excecional e nutri\u00e7\u00e3o de topo, criada por atletas de elite e especialistas. Alimentos org\u00e2nicos de c\u00e2nhamo, ricos em prote\u00edna, \u00f3mega-3 e minerais essenciais \u2014 deliciosos, sustent\u00e1veis e sem aditivos. Nutri\u00e7\u00e3o de campe\u00e3o para o teu dia a dia!<\/p>\n","protected":false},"excerpt":{"rendered":"<p>Sementes de c\u00e2nhamo de origem biol\u00f3gica cobertas com massa de chocolate branco e laranja &#8211; Hempions (50g).<\/p>\n","protected":false},"featured_media":745,"comment_status":"open","ping_status":"closed","template":"","meta":[],"product_brand":[113],"product_cat":[27,32],"product_tag":[114,53,54,51,42,116],"class_list":{"0":"post-743","1":"product","2":"type-product","3":"status-publish","4":"has-post-thumbnail","6":"product_brand-hempions","7":"product_cat-doces","8":"product_cat-outros-doces","9":"product_tag-austria","10":"product_tag-chocolate","11":"product_tag-white-choc","12":"product_tag-sweet","13":"product_tag-snack","14":"product_tag-toppings","16":"first","17":"instock","18":"taxable","19":"shipping-taxable","20":"purchasable","21":"product-type-simple"},"jetpack_sharing_enabled":true,"_links":{"self":[{"href":"https:\/\/snapoutofmeat.com\/pt_pt\/wp-json\/wp\/v2\/product\/743","targetHints":{"allow":["GET"]}}],"collection":[{"href":"https:\/\/snapoutofmeat.com\/pt_pt\/wp-json\/wp\/v2\/product"}],"about":[{"href":"https:\/\/snapoutofmeat.com\/pt_pt\/wp-json\/wp\/v2\/types\/product"}],"replies":[{"embeddable":true,"href":"https:\/\/snapoutofmeat.com\/pt_pt\/wp-json\/wp\/v2\/comments?post=743"}],"wp:featuredmedia":[{"embeddable":true,"href":"https:\/\/snapoutofmeat.com\/pt_pt\/wp-json\/wp\/v2\/media\/745"}],"wp:attachment":[{"href":"https:\/\/snapoutofmeat.com\/pt_pt\/wp-json\/wp\/v2\/media?parent=743"}],"wp:term":[{"taxonomy":"product_brand","embeddable":true,"href":"https:\/\/snapoutofmeat.com\/pt_pt\/wp-json\/wp\/v2\/product_brand?post=743"},{"taxonomy":"product_cat","embeddable":true,"href":"https:\/\/snapoutofmeat.com\/pt_pt\/wp-json\/wp\/v2\/product_cat?post=743"},{"taxonomy":"product_tag","embeddable":true,"href":"https:\/\/snapoutofmeat.com\/pt_pt\/wp-json\/wp\/v2\/product_tag?post=743"}],"curies":[{"name":"wp","href":"https:\/\/api.w.org\/{rel}","templated":true}]}}