{"id":764,"date":"2026-01-13T08:57:17","date_gmt":"2026-01-13T08:57:17","guid":{"rendered":"https:\/\/snapoutofmeat.com\/?post_type=product&#038;p=764"},"modified":"2026-04-01T11:37:04","modified_gmt":"2026-04-01T11:37:04","slug":"spelt-hemp-tagliatelle-hempions","status":"publish","type":"product","link":"https:\/\/snapoutofmeat.com\/pt_pt\/product\/spelt-hemp-tagliatelle-hempions\/","title":{"rendered":"Tagliatelle de Espelta e Prote\u00edna de C\u00e2nhamo &#8211; Hempions"},"content":{"rendered":"<p><strong>Tagliatelle de Espelta e Prote\u00edna de C\u00e2nhamo em P\u00f3 \u2013 Massa com Superpoderes<\/strong><\/p>\n<p>As <strong>Hemp Spelt Tagliatelle<\/strong> s\u00e3o uma combina\u00e7\u00e3o \u00fanica de espelta org\u00e2nica de <span class=\"followup-block followup-block-hidden cursor-pointer outline-none static inline group-hover\/message:[--hover-opacity:1]\" tabindex=\"0\" data-question=\"Como \u00e9 feita a sele\u00e7\u00e3o dos agricultores que fornecem a espelta para este produto?\" aria-haspopup=\"dialog\" aria-expanded=\"false\" aria-controls=\"radix-_r_dm_\" data-state=\"closed\">agricultores selecionados da \u00c1ustria<\/span> e farinha de c\u00e2nhamo, criando uma massa com um sabor levemente a noz e uma textura al dente.<\/p>\n<p>Rica em prote\u00edna e fibra, mant\u00e9m-te saciado(a) por mais tempo e fornece energia duradoura. Ideal para quem procura uma alimenta\u00e7\u00e3o saud\u00e1vel e deliciosa, sem comprometer o sabor.<\/p>\n<p><em>Nota: Este produto n\u00e3o tem efeito psicoativo, <span class=\"followup-block followup-block-hidden cursor-pointer outline-none static inline group-hover\/message:[--hover-opacity:1]\" tabindex=\"0\" data-question=\"Que tipo de testes s\u00e3o realizados para garantir que os n\u00edveis de canabinoides estejam dentro dos limites seguros?\" aria-haspopup=\"dialog\" aria-expanded=\"false\" aria-controls=\"radix-_r_e6_\" data-state=\"closed\">embora possa conter vest\u00edgios de canabinoides devido ao processo de colheita<\/span>.<\/em><\/p>\n<p>A <strong>Hempions<\/strong> une sabor excecional e nutri\u00e7\u00e3o de topo, criada por atletas de elite e especialistas. Alimentos org\u00e2nicos de c\u00e2nhamo, ricos em prote\u00edna, \u00f3mega-3 e minerais essenciais \u2014 deliciosos, sustent\u00e1veis e sem aditivos. Nutri\u00e7\u00e3o de campe\u00e3o para o teu dia a dia!<\/p>\n","protected":false},"excerpt":{"rendered":"<p>Massa tipo tagliatelle de espelta e prote\u00edna de semente de c\u00e2nhamo em p\u00f3 &#8211; Hempions (250g).<\/p>\n","protected":false},"featured_media":781,"comment_status":"open","ping_status":"closed","template":"","meta":[],"product_brand":[113],"product_cat":[35,28],"product_tag":[114,44,63,52],"class_list":{"0":"post-764","1":"product","2":"type-product","3":"status-publish","4":"has-post-thumbnail","6":"product_brand-hempions","7":"product_cat-outros-salgados","8":"product_cat-salgados","9":"product_tag-austria","10":"product_tag-organic","11":"product_tag-cooking","12":"product_tag-salty","14":"first","15":"instock","16":"taxable","17":"shipping-taxable","18":"purchasable","19":"product-type-simple"},"jetpack_sharing_enabled":true,"_links":{"self":[{"href":"https:\/\/snapoutofmeat.com\/pt_pt\/wp-json\/wp\/v2\/product\/764","targetHints":{"allow":["GET"]}}],"collection":[{"href":"https:\/\/snapoutofmeat.com\/pt_pt\/wp-json\/wp\/v2\/product"}],"about":[{"href":"https:\/\/snapoutofmeat.com\/pt_pt\/wp-json\/wp\/v2\/types\/product"}],"replies":[{"embeddable":true,"href":"https:\/\/snapoutofmeat.com\/pt_pt\/wp-json\/wp\/v2\/comments?post=764"}],"wp:featuredmedia":[{"embeddable":true,"href":"https:\/\/snapoutofmeat.com\/pt_pt\/wp-json\/wp\/v2\/media\/781"}],"wp:attachment":[{"href":"https:\/\/snapoutofmeat.com\/pt_pt\/wp-json\/wp\/v2\/media?parent=764"}],"wp:term":[{"taxonomy":"product_brand","embeddable":true,"href":"https:\/\/snapoutofmeat.com\/pt_pt\/wp-json\/wp\/v2\/product_brand?post=764"},{"taxonomy":"product_cat","embeddable":true,"href":"https:\/\/snapoutofmeat.com\/pt_pt\/wp-json\/wp\/v2\/product_cat?post=764"},{"taxonomy":"product_tag","embeddable":true,"href":"https:\/\/snapoutofmeat.com\/pt_pt\/wp-json\/wp\/v2\/product_tag?post=764"}],"curies":[{"name":"wp","href":"https:\/\/api.w.org\/{rel}","templated":true}]}}