{"id":770,"date":"2026-01-13T12:53:18","date_gmt":"2026-01-13T12:53:18","guid":{"rendered":"https:\/\/snapoutofmeat.com\/?post_type=product&#038;p=770"},"modified":"2026-04-01T11:33:54","modified_gmt":"2026-04-01T11:33:54","slug":"cheazy-hemp-flips-hempions","status":"publish","type":"product","link":"https:\/\/snapoutofmeat.com\/pt_pt\/product\/cheazy-hemp-flips-hempions\/","title":{"rendered":"Hemp Flips Cheazy &#8211; Hempions"},"content":{"rendered":"<p><strong>Hemp Flips Cheazy \u2013 O Sabor a Queijo que Faltava<\/strong><\/p>\n<p>Os hemp flips na sua vers\u00e3o mais sedutora, os <strong>Cheazy Flips<\/strong> trazem um sabor a queijo 100% vegetal, sem aditivos ou gorduras artificiais.<\/p>\n<p>Com <strong>18% de prote\u00edna<\/strong> e <strong>16% de fibra<\/strong>, s\u00e3o uma <span class=\"followup-block followup-block-hidden cursor-pointer outline-none static inline group-hover\/message:[--hover-opacity:1]\" tabindex=\"0\" data-question=\"Quais s\u00e3o os principais benef\u00edcios de substituir snacks tradicionais por Hemp Flips em uma dieta equilibrada?\" aria-haspopup=\"dialog\" aria-expanded=\"false\" aria-controls=\"radix-_r_i9_\" data-state=\"closed\">alternativa mais leve e nutritiva<\/span> aos snacks tradicionais. Feitos com lentilhas, c\u00e2nhamo e milho, s\u00e3o ideais para quem procura um petisco saboroso, saciante e sem culpas. Experimenta e descobre o teu favorito!<\/p>\n<p><em>Nota: Este produto n\u00e3o tem efeito psicoativo, <span class=\"followup-block followup-block-hidden cursor-pointer outline-none static inline group-hover\/message:[--hover-opacity:1]\" tabindex=\"0\" data-question=\"Que tipo de testes s\u00e3o realizados para garantir que os n\u00edveis de canabinoides estejam dentro dos limites seguros?\" aria-haspopup=\"dialog\" aria-expanded=\"false\" aria-controls=\"radix-_r_e6_\" data-state=\"closed\">embora possa conter vest\u00edgios de canabinoides devido ao processo de colheita<\/span>.<\/em><\/p>\n<p>A <strong>Hempions<\/strong> une sabor excecional e nutri\u00e7\u00e3o de topo, criada por atletas de elite e especialistas. Alimentos org\u00e2nicos de c\u00e2nhamo, ricos em prote\u00edna, \u00f3mega-3 e minerais essenciais \u2014 deliciosos, sustent\u00e1veis e sem aditivos. Nutri\u00e7\u00e3o de campe\u00e3o para o teu dia a dia!<\/p>\n","protected":false},"excerpt":{"rendered":"<p>Snack crocante \u00e0 base de semente de c\u00e2nhamo sabor a queijo &#8211; Hempions (70g).<\/p>\n","protected":false},"featured_media":795,"comment_status":"open","ping_status":"closed","template":"","meta":[],"product_brand":[113],"product_cat":[35,28],"product_tag":[114,44,45,52,42],"class_list":{"0":"post-770","1":"product","2":"type-product","3":"status-publish","4":"has-post-thumbnail","6":"product_brand-hempions","7":"product_cat-outros-salgados","8":"product_cat-salgados","9":"product_tag-austria","10":"product_tag-organic","11":"product_tag-gluten-free","12":"product_tag-salty","13":"product_tag-snack","15":"first","16":"instock","17":"taxable","18":"shipping-taxable","19":"purchasable","20":"product-type-simple"},"jetpack_sharing_enabled":true,"_links":{"self":[{"href":"https:\/\/snapoutofmeat.com\/pt_pt\/wp-json\/wp\/v2\/product\/770","targetHints":{"allow":["GET"]}}],"collection":[{"href":"https:\/\/snapoutofmeat.com\/pt_pt\/wp-json\/wp\/v2\/product"}],"about":[{"href":"https:\/\/snapoutofmeat.com\/pt_pt\/wp-json\/wp\/v2\/types\/product"}],"replies":[{"embeddable":true,"href":"https:\/\/snapoutofmeat.com\/pt_pt\/wp-json\/wp\/v2\/comments?post=770"}],"wp:featuredmedia":[{"embeddable":true,"href":"https:\/\/snapoutofmeat.com\/pt_pt\/wp-json\/wp\/v2\/media\/795"}],"wp:attachment":[{"href":"https:\/\/snapoutofmeat.com\/pt_pt\/wp-json\/wp\/v2\/media?parent=770"}],"wp:term":[{"taxonomy":"product_brand","embeddable":true,"href":"https:\/\/snapoutofmeat.com\/pt_pt\/wp-json\/wp\/v2\/product_brand?post=770"},{"taxonomy":"product_cat","embeddable":true,"href":"https:\/\/snapoutofmeat.com\/pt_pt\/wp-json\/wp\/v2\/product_cat?post=770"},{"taxonomy":"product_tag","embeddable":true,"href":"https:\/\/snapoutofmeat.com\/pt_pt\/wp-json\/wp\/v2\/product_tag?post=770"}],"curies":[{"name":"wp","href":"https:\/\/api.w.org\/{rel}","templated":true}]}}