{"id":812,"date":"2026-01-27T16:21:10","date_gmt":"2026-01-27T16:21:10","guid":{"rendered":"https:\/\/snapoutofmeat.com\/?post_type=product&#038;p=812"},"modified":"2026-04-13T19:26:21","modified_gmt":"2026-04-13T19:26:21","slug":"ovetto-mr-sciocco","status":"publish","type":"product","link":"https:\/\/snapoutofmeat.com\/pt_pt\/product\/ovetto-mr-sciocco\/","title":{"rendered":"Mini Ovo de Chocolate &#8211; Mr. Sciocco"},"content":{"rendered":"<p>Um ovinho vegetal que transforma cada dentada num momento de pura magia \ud83c\udf6b\u2728 Doce, divertido e feito para que ningu\u00e9m fique de fora.<br data-start=\"370\" data-end=\"373\" \/>Biol\u00f3gico e sem gl\u00faten, \u00e9 uma alternativa deliciosa ao chocolate tradicional.<\/p>\n<p>Surpresa no interior. Indicado para crian\u00e7as com mais de 3 anos.<br \/>\nConservar em local fresco e seco (abaixo de 16\u00b0C).<\/p>\n<p><strong data-start=\"104\" data-end=\"243\">Mr. Sciocco<\/strong> \u00e9 uma marca italiana que desenvolve alternativas ao chocolate tradicional, pensadas para diferentes restri\u00e7\u00f5es alimentares. Uma abordagem inclusiva, segura e focada no sabor.<\/p>\n","protected":false},"excerpt":{"rendered":"<p>Mini Ovo de Chocolate (Branco e Negro) &#8211; Mr Sciocco (20g).<\/p>\n","protected":false},"featured_media":817,"comment_status":"open","ping_status":"closed","template":"","meta":[],"product_brand":[117],"product_cat":[29,27],"product_tag":[53,51,118,43],"class_list":{"0":"post-812","1":"product","2":"type-product","3":"status-publish","4":"has-post-thumbnail","6":"product_brand-mr-sciocco","7":"product_cat-chocolates","8":"product_cat-doces","9":"product_tag-chocolate","10":"product_tag-sweet","11":"product_tag-italy","12":"product_tag-gift","14":"first","15":"instock","16":"taxable","17":"shipping-taxable","18":"purchasable","19":"product-type-simple"},"jetpack_sharing_enabled":true,"_links":{"self":[{"href":"https:\/\/snapoutofmeat.com\/pt_pt\/wp-json\/wp\/v2\/product\/812","targetHints":{"allow":["GET"]}}],"collection":[{"href":"https:\/\/snapoutofmeat.com\/pt_pt\/wp-json\/wp\/v2\/product"}],"about":[{"href":"https:\/\/snapoutofmeat.com\/pt_pt\/wp-json\/wp\/v2\/types\/product"}],"replies":[{"embeddable":true,"href":"https:\/\/snapoutofmeat.com\/pt_pt\/wp-json\/wp\/v2\/comments?post=812"}],"wp:featuredmedia":[{"embeddable":true,"href":"https:\/\/snapoutofmeat.com\/pt_pt\/wp-json\/wp\/v2\/media\/817"}],"wp:attachment":[{"href":"https:\/\/snapoutofmeat.com\/pt_pt\/wp-json\/wp\/v2\/media?parent=812"}],"wp:term":[{"taxonomy":"product_brand","embeddable":true,"href":"https:\/\/snapoutofmeat.com\/pt_pt\/wp-json\/wp\/v2\/product_brand?post=812"},{"taxonomy":"product_cat","embeddable":true,"href":"https:\/\/snapoutofmeat.com\/pt_pt\/wp-json\/wp\/v2\/product_cat?post=812"},{"taxonomy":"product_tag","embeddable":true,"href":"https:\/\/snapoutofmeat.com\/pt_pt\/wp-json\/wp\/v2\/product_tag?post=812"}],"curies":[{"name":"wp","href":"https:\/\/api.w.org\/{rel}","templated":true}]}}