{"id":813,"date":"2026-01-23T18:31:49","date_gmt":"2026-01-23T18:31:49","guid":{"rendered":"https:\/\/snapoutofmeat.com\/?post_type=product&#038;p=813"},"modified":"2026-04-13T19:26:21","modified_gmt":"2026-04-13T19:26:21","slug":"mini-tavolette-choc-hazelnut-mr-sciocco","status":"publish","type":"product","link":"https:\/\/snapoutofmeat.com\/pt_pt\/product\/mini-tavolette-choc-hazelnut-mr-sciocco\/","title":{"rendered":"Mini Tablete de Chocolate com Avel\u00e3 &#8211; Mr. Sciocco"},"content":{"rendered":"<p>O aroma intenso do cacau encontra a croc\u00e2ncia da avel\u00e3 em mini barras pr\u00e1ticas e cheias de sabor \ud83c\udf6b\ud83c\udf30<br \/>\nSem gl\u00faten, embaladas individualmente para um snack delicioso em qualquer lugar.<\/p>\n<p>Conservar ao abrigo da luz direta e de fontes de calor, em local fresco e seco.<\/p>\n<p><strong data-start=\"104\" data-end=\"243\">Mr. Sciocco<\/strong> \u00e9 uma marca italiana que desenvolve alternativas ao chocolate tradicional, pensadas para diferentes restri\u00e7\u00f5es alimentares.<br data-start=\"243\" data-end=\"246\" \/>Uma abordagem inclusiva, segura e focada no sabor.<\/p>\n","protected":false},"excerpt":{"rendered":"<p>Mini Tablete de Chocolate com Avel\u00e3 &#8211; Mr. Sciocco (11g).<\/p>\n","protected":false},"featured_media":832,"comment_status":"open","ping_status":"closed","template":"","meta":[],"product_brand":[117],"product_cat":[29,27],"product_tag":[53,51,118],"class_list":{"0":"post-813","1":"product","2":"type-product","3":"status-publish","4":"has-post-thumbnail","6":"product_brand-mr-sciocco","7":"product_cat-chocolates","8":"product_cat-doces","9":"product_tag-chocolate","10":"product_tag-sweet","11":"product_tag-italy","13":"first","14":"instock","15":"taxable","16":"shipping-taxable","17":"purchasable","18":"product-type-simple"},"jetpack_sharing_enabled":true,"_links":{"self":[{"href":"https:\/\/snapoutofmeat.com\/pt_pt\/wp-json\/wp\/v2\/product\/813","targetHints":{"allow":["GET"]}}],"collection":[{"href":"https:\/\/snapoutofmeat.com\/pt_pt\/wp-json\/wp\/v2\/product"}],"about":[{"href":"https:\/\/snapoutofmeat.com\/pt_pt\/wp-json\/wp\/v2\/types\/product"}],"replies":[{"embeddable":true,"href":"https:\/\/snapoutofmeat.com\/pt_pt\/wp-json\/wp\/v2\/comments?post=813"}],"wp:featuredmedia":[{"embeddable":true,"href":"https:\/\/snapoutofmeat.com\/pt_pt\/wp-json\/wp\/v2\/media\/832"}],"wp:attachment":[{"href":"https:\/\/snapoutofmeat.com\/pt_pt\/wp-json\/wp\/v2\/media?parent=813"}],"wp:term":[{"taxonomy":"product_brand","embeddable":true,"href":"https:\/\/snapoutofmeat.com\/pt_pt\/wp-json\/wp\/v2\/product_brand?post=813"},{"taxonomy":"product_cat","embeddable":true,"href":"https:\/\/snapoutofmeat.com\/pt_pt\/wp-json\/wp\/v2\/product_cat?post=813"},{"taxonomy":"product_tag","embeddable":true,"href":"https:\/\/snapoutofmeat.com\/pt_pt\/wp-json\/wp\/v2\/product_tag?post=813"}],"curies":[{"name":"wp","href":"https:\/\/api.w.org\/{rel}","templated":true}]}}