{"id":814,"date":"2026-01-23T18:34:27","date_gmt":"2026-01-23T18:34:27","guid":{"rendered":"https:\/\/snapoutofmeat.com\/?post_type=product&#038;p=814"},"modified":"2026-04-13T19:26:21","modified_gmt":"2026-04-13T19:26:21","slug":"mini-tavolette-white-choc-pistachio-mr-sciocco","status":"publish","type":"product","link":"https:\/\/snapoutofmeat.com\/pt_pt\/product\/mini-tavolette-white-choc-pistachio-mr-sciocco\/","title":{"rendered":"Mini Tablete de Chocolate Branco com Pist\u00e1cio &#8211; Mr. Sciocco"},"content":{"rendered":"<p data-start=\"2634\" data-end=\"2843\">Chocolate branco vegetal com peda\u00e7os de pist\u00e1chio crocantes e um toque levemente salgado \ud83d\udc9a\ud83c\udf6b Pequenas, intensas e viciantes.<br data-start=\"3242\" data-end=\"3245\" \/>Biol\u00f3gicas e sem gl\u00faten, perfeitas para levar consigo e saborear sem preocupa\u00e7\u00f5es.<\/p>\n<p data-start=\"2634\" data-end=\"2843\">Conservar ao abrigo da luz direta e de fontes de calor, em local fresco e seco.<\/p>\n<p><strong data-start=\"104\" data-end=\"243\">Mr. Sciocco<\/strong> \u00e9 uma marca italiana que desenvolve alternativas ao chocolate tradicional, pensadas para diferentes restri\u00e7\u00f5es alimentares.<br data-start=\"243\" data-end=\"246\" \/>Uma abordagem inclusiva, segura e focada no sabor.<\/p>\n","protected":false},"excerpt":{"rendered":"<p>Mini Tablete de Chocolate Branco com Pist\u00e1cio &#8211; Mr. Sciocco (11g).<\/p>\n","protected":false},"featured_media":827,"comment_status":"open","ping_status":"closed","template":"","meta":[],"product_brand":[117],"product_cat":[29,27],"product_tag":[53,51,118],"class_list":{"0":"post-814","1":"product","2":"type-product","3":"status-publish","4":"has-post-thumbnail","6":"product_brand-mr-sciocco","7":"product_cat-chocolates","8":"product_cat-doces","9":"product_tag-chocolate","10":"product_tag-sweet","11":"product_tag-italy","13":"first","14":"instock","15":"taxable","16":"shipping-taxable","17":"purchasable","18":"product-type-simple"},"jetpack_sharing_enabled":true,"_links":{"self":[{"href":"https:\/\/snapoutofmeat.com\/pt_pt\/wp-json\/wp\/v2\/product\/814","targetHints":{"allow":["GET"]}}],"collection":[{"href":"https:\/\/snapoutofmeat.com\/pt_pt\/wp-json\/wp\/v2\/product"}],"about":[{"href":"https:\/\/snapoutofmeat.com\/pt_pt\/wp-json\/wp\/v2\/types\/product"}],"replies":[{"embeddable":true,"href":"https:\/\/snapoutofmeat.com\/pt_pt\/wp-json\/wp\/v2\/comments?post=814"}],"wp:featuredmedia":[{"embeddable":true,"href":"https:\/\/snapoutofmeat.com\/pt_pt\/wp-json\/wp\/v2\/media\/827"}],"wp:attachment":[{"href":"https:\/\/snapoutofmeat.com\/pt_pt\/wp-json\/wp\/v2\/media?parent=814"}],"wp:term":[{"taxonomy":"product_brand","embeddable":true,"href":"https:\/\/snapoutofmeat.com\/pt_pt\/wp-json\/wp\/v2\/product_brand?post=814"},{"taxonomy":"product_cat","embeddable":true,"href":"https:\/\/snapoutofmeat.com\/pt_pt\/wp-json\/wp\/v2\/product_cat?post=814"},{"taxonomy":"product_tag","embeddable":true,"href":"https:\/\/snapoutofmeat.com\/pt_pt\/wp-json\/wp\/v2\/product_tag?post=814"}],"curies":[{"name":"wp","href":"https:\/\/api.w.org\/{rel}","templated":true}]}}