{"id":815,"date":"2026-01-23T18:35:54","date_gmt":"2026-01-23T18:35:54","guid":{"rendered":"https:\/\/snapoutofmeat.com\/?post_type=product&#038;p=815"},"modified":"2026-04-13T19:26:21","modified_gmt":"2026-04-13T19:26:21","slug":"choc-nut-spread-mr-sciocco","status":"publish","type":"product","link":"https:\/\/snapoutofmeat.com\/pt_pt\/product\/choc-nut-spread-mr-sciocco\/","title":{"rendered":"Creme Branco para Barrar &#8211; Mr. Sciocco"},"content":{"rendered":"<p>Um creme branco suave, com um toque delicado de baunilha e am\u00eandoas italianas biol\u00f3gicas \ud83c\udf30\u2728 Perfeito para barrar, rechear ou comer \u00e0 colherada.<br data-start=\"872\" data-end=\"875\" \/>Biol\u00f3gico e sem gl\u00faten, pensado para ser um doce seguro e irresist\u00edvel para todos.<\/p>\n<p>Conservar ao abrigo da luz direta e de fontes de calor, em local fresco e seco.<\/p>\n<p><strong data-start=\"104\" data-end=\"243\">Mr. Sciocco<\/strong> \u00e9 uma marca italiana que desenvolve alternativas ao chocolate tradicional, pensadas para diferentes restri\u00e7\u00f5es alimentares.<br data-start=\"243\" data-end=\"246\" \/>Uma abordagem inclusiva, segura e focada no sabor.<\/p>\n","protected":false},"excerpt":{"rendered":"<p>Creme branco para barrar \u00e0 base de bebida de arroz e am\u00eandoas &#8211; Mr. Sciocco (100g).<\/p>\n","protected":false},"featured_media":822,"comment_status":"open","ping_status":"closed","template":"","meta":[],"product_brand":[117],"product_cat":[27,32],"product_tag":[53,54,51,118,115],"class_list":{"0":"post-815","1":"product","2":"type-product","3":"status-publish","4":"has-post-thumbnail","6":"product_brand-mr-sciocco","7":"product_cat-doces","8":"product_cat-outros-doces","9":"product_tag-chocolate","10":"product_tag-white-choc","11":"product_tag-sweet","12":"product_tag-italy","13":"product_tag-spread","15":"first","16":"instock","17":"taxable","18":"shipping-taxable","19":"purchasable","20":"product-type-simple"},"jetpack_sharing_enabled":true,"_links":{"self":[{"href":"https:\/\/snapoutofmeat.com\/pt_pt\/wp-json\/wp\/v2\/product\/815","targetHints":{"allow":["GET"]}}],"collection":[{"href":"https:\/\/snapoutofmeat.com\/pt_pt\/wp-json\/wp\/v2\/product"}],"about":[{"href":"https:\/\/snapoutofmeat.com\/pt_pt\/wp-json\/wp\/v2\/types\/product"}],"replies":[{"embeddable":true,"href":"https:\/\/snapoutofmeat.com\/pt_pt\/wp-json\/wp\/v2\/comments?post=815"}],"wp:featuredmedia":[{"embeddable":true,"href":"https:\/\/snapoutofmeat.com\/pt_pt\/wp-json\/wp\/v2\/media\/822"}],"wp:attachment":[{"href":"https:\/\/snapoutofmeat.com\/pt_pt\/wp-json\/wp\/v2\/media?parent=815"}],"wp:term":[{"taxonomy":"product_brand","embeddable":true,"href":"https:\/\/snapoutofmeat.com\/pt_pt\/wp-json\/wp\/v2\/product_brand?post=815"},{"taxonomy":"product_cat","embeddable":true,"href":"https:\/\/snapoutofmeat.com\/pt_pt\/wp-json\/wp\/v2\/product_cat?post=815"},{"taxonomy":"product_tag","embeddable":true,"href":"https:\/\/snapoutofmeat.com\/pt_pt\/wp-json\/wp\/v2\/product_tag?post=815"}],"curies":[{"name":"wp","href":"https:\/\/api.w.org\/{rel}","templated":true}]}}