{"id":823,"date":"2026-01-27T18:32:55","date_gmt":"2026-01-27T18:32:55","guid":{"rendered":"https:\/\/snapoutofmeat.com\/?post_type=product&#038;p=823"},"modified":"2026-04-13T19:26:21","modified_gmt":"2026-04-13T19:26:21","slug":"hazelnut-spread-mr-sciocco","status":"publish","type":"product","link":"https:\/\/snapoutofmeat.com\/pt_pt\/product\/hazelnut-spread-mr-sciocco\/","title":{"rendered":"Creme de Avel\u00e3 para Barrar &#8211; Mr. Sciocco"},"content":{"rendered":"<p>Cremoso, doce e com o sabor intenso de avel\u00e3s italianas biol\u00f3gicas torradas \ud83c\udf30\ud83c\udf6b Uma tenta\u00e7\u00e3o cl\u00e1ssica, mas numa vers\u00e3o mais inclusiva.<br data-start=\"1391\" data-end=\"1394\" \/>Sem gl\u00faten, para desfrutar sem preocupa\u00e7\u00f5es.<\/p>\n<p>Conservar ao abrigo da luz direta e de fontes de calor, em local fresco e seco.<\/p>\n<p><strong data-start=\"104\" data-end=\"243\">Mr. Sciocco<\/strong> \u00e9 uma marca italiana que desenvolve alternativas ao chocolate tradicional, pensadas para diferentes restri\u00e7\u00f5es alimentares.<br data-start=\"243\" data-end=\"246\" \/>Uma abordagem inclusiva, segura e focada no sabor.<\/p>\n","protected":false},"excerpt":{"rendered":"<p>Creme de avel\u00e3 para barrar &#8211; Mr. Sciocco (100g).<\/p>\n","protected":false},"featured_media":846,"comment_status":"open","ping_status":"closed","template":"","meta":[],"product_brand":[117],"product_cat":[27,32],"product_tag":[53,51,118,115],"class_list":{"0":"post-823","1":"product","2":"type-product","3":"status-publish","4":"has-post-thumbnail","6":"product_brand-mr-sciocco","7":"product_cat-doces","8":"product_cat-outros-doces","9":"product_tag-chocolate","10":"product_tag-sweet","11":"product_tag-italy","12":"product_tag-spread","14":"first","15":"instock","16":"taxable","17":"shipping-taxable","18":"purchasable","19":"product-type-simple"},"jetpack_sharing_enabled":true,"_links":{"self":[{"href":"https:\/\/snapoutofmeat.com\/pt_pt\/wp-json\/wp\/v2\/product\/823","targetHints":{"allow":["GET"]}}],"collection":[{"href":"https:\/\/snapoutofmeat.com\/pt_pt\/wp-json\/wp\/v2\/product"}],"about":[{"href":"https:\/\/snapoutofmeat.com\/pt_pt\/wp-json\/wp\/v2\/types\/product"}],"replies":[{"embeddable":true,"href":"https:\/\/snapoutofmeat.com\/pt_pt\/wp-json\/wp\/v2\/comments?post=823"}],"wp:featuredmedia":[{"embeddable":true,"href":"https:\/\/snapoutofmeat.com\/pt_pt\/wp-json\/wp\/v2\/media\/846"}],"wp:attachment":[{"href":"https:\/\/snapoutofmeat.com\/pt_pt\/wp-json\/wp\/v2\/media?parent=823"}],"wp:term":[{"taxonomy":"product_brand","embeddable":true,"href":"https:\/\/snapoutofmeat.com\/pt_pt\/wp-json\/wp\/v2\/product_brand?post=823"},{"taxonomy":"product_cat","embeddable":true,"href":"https:\/\/snapoutofmeat.com\/pt_pt\/wp-json\/wp\/v2\/product_cat?post=823"},{"taxonomy":"product_tag","embeddable":true,"href":"https:\/\/snapoutofmeat.com\/pt_pt\/wp-json\/wp\/v2\/product_tag?post=823"}],"curies":[{"name":"wp","href":"https:\/\/api.w.org\/{rel}","templated":true}]}}