{"id":825,"date":"2026-01-27T18:41:21","date_gmt":"2026-01-27T18:41:21","guid":{"rendered":"https:\/\/snapoutofmeat.com\/?post_type=product&#038;p=825"},"modified":"2026-04-13T19:26:21","modified_gmt":"2026-04-13T19:26:21","slug":"pistache-spread-mr-sciocco","status":"publish","type":"product","link":"https:\/\/snapoutofmeat.com\/pt_pt\/product\/pistache-spread-mr-sciocco\/","title":{"rendered":"Creme de Pistache para Barrar &#8211; Mr. Sciocco"},"content":{"rendered":"<p>Feito com pist\u00e1chio puro, este creme tem um sabor intenso, ligeiramente salgado e cheio de personalidade \ud83d\udc9a\u2728<br data-start=\"2283\" data-end=\"2286\" \/>Sem gl\u00faten, perfeito para quem leva o amor por pist\u00e1chio muito a s\u00e9rio.<\/p>\n<p>Conservar ao abrigo da luz direta e de fontes de calor, em local fresco e seco.<\/p>\n<p><strong data-start=\"104\" data-end=\"243\">Mr. Sciocco<\/strong> \u00e9 uma marca italiana que desenvolve alternativas ao chocolate tradicional, pensadas para diferentes restri\u00e7\u00f5es alimentares.<br data-start=\"243\" data-end=\"246\" \/>Uma abordagem inclusiva, segura e focada no sabor.<\/p>\n","protected":false},"excerpt":{"rendered":"<p>Creme de pistache para barrar &#8211; Mr. Sciocco (100g).<\/p>\n","protected":false},"featured_media":850,"comment_status":"open","ping_status":"closed","template":"","meta":[],"product_brand":[117],"product_cat":[27,32],"product_tag":[53,51,118,115],"class_list":{"0":"post-825","1":"product","2":"type-product","3":"status-publish","4":"has-post-thumbnail","6":"product_brand-mr-sciocco","7":"product_cat-doces","8":"product_cat-outros-doces","9":"product_tag-chocolate","10":"product_tag-sweet","11":"product_tag-italy","12":"product_tag-spread","14":"first","15":"instock","16":"taxable","17":"shipping-taxable","18":"purchasable","19":"product-type-simple"},"jetpack_sharing_enabled":true,"_links":{"self":[{"href":"https:\/\/snapoutofmeat.com\/pt_pt\/wp-json\/wp\/v2\/product\/825","targetHints":{"allow":["GET"]}}],"collection":[{"href":"https:\/\/snapoutofmeat.com\/pt_pt\/wp-json\/wp\/v2\/product"}],"about":[{"href":"https:\/\/snapoutofmeat.com\/pt_pt\/wp-json\/wp\/v2\/types\/product"}],"replies":[{"embeddable":true,"href":"https:\/\/snapoutofmeat.com\/pt_pt\/wp-json\/wp\/v2\/comments?post=825"}],"wp:featuredmedia":[{"embeddable":true,"href":"https:\/\/snapoutofmeat.com\/pt_pt\/wp-json\/wp\/v2\/media\/850"}],"wp:attachment":[{"href":"https:\/\/snapoutofmeat.com\/pt_pt\/wp-json\/wp\/v2\/media?parent=825"}],"wp:term":[{"taxonomy":"product_brand","embeddable":true,"href":"https:\/\/snapoutofmeat.com\/pt_pt\/wp-json\/wp\/v2\/product_brand?post=825"},{"taxonomy":"product_cat","embeddable":true,"href":"https:\/\/snapoutofmeat.com\/pt_pt\/wp-json\/wp\/v2\/product_cat?post=825"},{"taxonomy":"product_tag","embeddable":true,"href":"https:\/\/snapoutofmeat.com\/pt_pt\/wp-json\/wp\/v2\/product_tag?post=825"}],"curies":[{"name":"wp","href":"https:\/\/api.w.org\/{rel}","templated":true}]}}